{"id":852,"date":"2024-12-10T18:29:00","date_gmt":"2024-12-10T17:29:00","guid":{"rendered":"https:\/\/www.pouhaus.com\/?page_id=852"},"modified":"2026-03-10T11:07:24","modified_gmt":"2026-03-10T10:07:24","slug":"politica-de-privacidad","status":"publish","type":"page","link":"https:\/\/www.pouhaus.com\/es\/politica-de-privacidad\/","title":{"rendered":"Pol\u00edtica de privacidad"},"content":{"rendered":"\t\t<div data-elementor-type=\"wp-page\" data-elementor-id=\"852\" class=\"elementor elementor-852 elementor-3\" data-elementor-post-type=\"page\">\n\t\t\t\t<div class=\"elementor-element elementor-element-611b621a e-flex e-con-boxed e-con e-parent\" data-id=\"611b621a\" data-element_type=\"container\" data-e-type=\"container\" data-settings=\"{&quot;background_background&quot;:&quot;classic&quot;}\">\n\t\t\t\t\t<div class=\"e-con-inner\">\n\t\t\t\t<div class=\"elementor-element elementor-element-527f6a3 elementor-widget elementor-widget-heading\" data-id=\"527f6a3\" data-element_type=\"widget\" data-e-type=\"widget\" data-widget_type=\"heading.default\">\n\t\t\t\t<div class=\"elementor-widget-container\">\n\t\t\t\t\t<h2 class=\"elementor-heading-title elementor-size-default\">Pol\u00edtica de privacidad<\/h2>\t\t\t\t<\/div>\n\t\t\t\t<\/div>\n\t\t\t\t<div class=\"elementor-element elementor-element-821949e elementor-widget elementor-widget-text-editor\" data-id=\"821949e\" data-element_type=\"widget\" data-e-type=\"widget\" data-widget_type=\"text-editor.default\">\n\t\t\t\t<div class=\"elementor-widget-container\">\n\t\t\t\t\t\t\t\t\t<p>VIBRANDING DESIGN, SL realiza los tratamientos de datos de car\u00e1cter personal que se relacionan a continuaci\u00f3n:<\/p><p><strong>1. \u00bfQUI\u00c9N ES EL RESPONSABLE DEL TRATAMIENTO DE SUS DATOS?<\/strong><\/p><p>VIBRANDING DESIGN, SL<\/p><p>B66805573<\/p><p>Carrer Llevant, 20, baixos<\/p><p>08402 Granollers, Barcelona<\/p><p>protecciondedatos@vibranding.com<\/p><p>93 103 40 90<\/p><p><strong>2. \u00bfCON QU\u00c9 FINALIDAD TRATAMOS SUS DATOS PERSONALES?<\/strong><\/p><table><tbody><tr><td><p><strong>FINALIDAD<\/strong><\/p><\/td><td><p><strong>+info<\/strong><\/p><\/td><\/tr><tr><td><p><strong>1<\/strong>. <strong>Negocial:<\/strong><\/p><\/td><td><p>En VIBRANDING DESIGN, SL, tratamos sus datos para gestionar la relaci\u00f3n negocial que nos une, en todos sus \u00e1mbitos, desde la ejecuci\u00f3n del contrato de prestaci\u00f3n de servicios y todo lo que conlleva, al mantenimiento de contacto y env\u00edo de comunicaciones comerciales por v\u00eda electr\u00f3nica.<\/p><\/td><\/tr><tr><td><p><strong>2. Contacto<\/strong><\/p><\/td><td><p>Finalidad 1: Mantener nuestra agenda de contactos,<\/p><p>a) Como persona de contacto para mantener relaciones con la entidad jur\u00eddica u organizaci\u00f3n en la que presta sus servicios.<\/p><p>b) Como interesado que se ha puesto en contacto con nosotros consult\u00e1ndonos o solicit\u00e1ndonos alguna informaci\u00f3n sobre nuestros dise\u00f1os, para poder atenderle.<\/p><p>c) Como persona de contacto para mantener relaciones directamente.<\/p><p>Finalidad 2: El env\u00edo de comunicaciones comerciales, incluido por correo electr\u00f3nico y otros medios de comunicaci\u00f3n electr\u00f3nica equivalentes, sobre nuestros productos y servicios, as\u00ed como informaci\u00f3n sobre eventos y eventos relacionados, en caso de que se le hubiera solicitado su autorizaci\u00f3n y nos la hubiera concedido.<\/p><\/td><\/tr><tr><td><p><strong>3. Candidatos<\/strong><\/p><\/td><td><p>En VIBRANDING DESIGN, SL tratamos los datos de car\u00e1cter personal que nos comunique, as\u00ed como su curr\u00edculum vitae, a fin de realizar la selecci\u00f3n de candidatos a puestos de trabajo, actuales y futuros ofrecidos por nuestra compa\u00f1\u00eda.<\/p><\/td><\/tr><\/tbody><\/table><p> <\/p><p><strong>3.- \u00bfCU\u00c1L ES LA LEGITIMACI\u00d3N PARA EL TRATAMIENTO DE TUS DATOS?<\/strong><\/p><p>La base legal que nos permite tratar sus datos personales tambi\u00e9n depende de la finalidad para la que los tratemos, seg\u00fan lo que se explica en la siguiente tabla:<\/p><table><tbody><tr><td><p><strong>FINALIDAD<\/strong><\/p><\/td><td><p><strong>Legitimaci\u00f3n<\/strong><\/p><\/td><\/tr><tr><td><p><strong>1. Negocial<\/strong><\/p><\/td><td><p>La base legal para el tratamiento de sus datos es por ser necesarios para la ejecuci\u00f3n de contrato de prestaci\u00f3n de servicios o relaci\u00f3n negocial, en la que usted es parte.<\/p><p>El tratamiento para realizarle comunicaciones comerciales por correo electr\u00f3nico u otro medio de comunicaci\u00f3n electr\u00f3nica se har\u00e1n al amparo del art. 21.2 de la Ley 34\/2002 de servicios de la sociedad de la informaci\u00f3n y comercio electr\u00f3nico que nos permite remitirle comunicaciones comerciales similares o que guarden relaci\u00f3n con el producto o servicio adquirido originalmente, mientras no manifieste su oposici\u00f3n a estos env\u00edos. <\/p><\/td><\/tr><tr><td><p><strong>2. Contactos<\/strong><\/p><\/td><td><p>La base legal para el tratamiento de sus datos en la finalidad 1 de mantenimiento de agenda de contactos es<\/p><p>a) En caso de tratarse de una persona de contacto para mantener relaciones con la entidad jur\u00eddica u organizaci\u00f3n donde presta sus servicios, es la satisfacci\u00f3n del inter\u00e9s leg\u00edtimo del responsable, de acuerdo con lo que establece el arte. 6.1.f del RGPD. <\/p><p>b) En caso de interesado puesto en contacto con nosotros, la base legal es la obtenci\u00f3n de su consentimiento.<\/p><p>c) En caso de persona de contacto para mantener relaciones directamente, es la satisfacci\u00f3n del inter\u00e9s leg\u00edtimo del responsable, de acuerdo con lo establecido en el art. 6.1.f del RGPD. <\/p><p>A la finalidad 2 de env\u00edo de comunicaciones comerciales, la base legal para el tratamiento de sus datos es la obtenci\u00f3n de su consentimiento.<\/p><\/td><\/tr><tr><td><p><strong>3. Candidatos<\/strong><\/p><\/td><td><p>La base legal para el tratamiento de sus datos es la obtenci\u00f3n de su consentimiento al tratamiento.<\/p><\/td><\/tr><\/tbody><\/table><p> <\/p><p><strong>4. \u00bfDURANTE CUANTO TIEMPO CONSERVAREMOS TUS DATOS?<\/strong><\/p><p>El <strong>plazo de conservaci\u00f3n<\/strong> de sus datos depender\u00e1 de las finalidades para las que los tratemos, seg\u00fan lo que se explica a continuaci\u00f3n:<\/p><table><tbody><tr><td><p><strong>FINALIDAD<\/strong><\/p><\/td><td><p><strong>Plazo de conservaci\u00f3n<\/strong><\/p><\/td><\/tr><tr><td><p><strong>1. Negocial<\/strong><\/p><\/td><td><p>Los datos personales proporcionados se conservar\u00e1n mientras se mantenga nuestra relaci\u00f3n comercial y hasta cinco a\u00f1os desde la \u00faltima compraventa o fin de servicio.<\/p><\/td><\/tr><tr><td><p><strong>2. Contactos<\/strong><\/p><\/td><td><p>Los datos personales proporcionados se conservar\u00e1n en la finalidad 1:<\/p><p>a) En caso de tratarse de una persona de contacto para mantener relaciones con la entidad jur\u00eddica u organizaci\u00f3n en la que presta sus servicios, se conservar\u00e1n mientras se mantenga nuestra relaci\u00f3n con esta entidad jur\u00eddica u organizaci\u00f3n, y a salvo los plazos legales para las responsabilidades legales que puedan derivarse de la relaci\u00f3n con la entidad jur\u00eddica u organizaci\u00f3n.<\/p><p>b) En caso de interesado puesto en contacto con nosotros, hasta 6 meses despu\u00e9s de atender su requerimiento, por si se producen por su parte comunicaciones posteriores en referencia a esta consulta o requerimiento de informaci\u00f3n.<\/p><p>c) En caso de persona de contacto para mantener relaciones directamente, se conservar\u00e1n mientras se mantenga la relaci\u00f3n y a salvo los plazos legales de conservaci\u00f3n.<\/p><p>A la finalidad 2 de env\u00edo de comunicaciones comerciales, conservaremos sus datos mientras no nos manifieste su oposici\u00f3n a continuar recibiendo nuestras comunicaciones.<\/p><\/td><\/tr><tr><td><p><strong>3. Candidatos<\/strong><\/p><\/td><td><p>Los datos personales proporcionados se conservar\u00e1n durante seis meses.<\/p><\/td><\/tr><\/tbody><\/table><p><strong>5. \u00bfCOMPARTIREMOS TUS DATOS CON TERCEROS?<\/strong><\/p><table><tbody><tr><td><p><strong>FINALIDAD<\/strong><\/p><\/td><td><p><strong>Plazo de conservaci\u00f3n<\/strong><\/p><\/td><\/tr><tr><td><p><strong>1. Negocial<\/strong><\/p><\/td><td><p>No se comunicar\u00e1n datos a terceros, salvo obligaci\u00f3n legal o contractual.<\/p><\/td><\/tr><tr><td><p><strong>2. Contactos<\/strong><\/p><\/td><td><p>No se comunicar\u00e1n datos a terceros, salvo obligaci\u00f3n legal o contractual.<\/p><\/td><\/tr><tr><td><p><strong>3. Candidatos<\/strong><\/p><\/td><td><p>No se comunicar\u00e1n datos a terceros, salvo obligaci\u00f3n legal.<\/p><\/td><\/tr><\/tbody><\/table><p>EN VIBRANDING DESIGN, S.L. contaremos con la colaboraci\u00f3n de terceros prestamistas de servicios que haya sido necesario contratar y que, para la prestaci\u00f3n de su servicio, puede ser necesario que tengan acceso a sus datos de car\u00e1cter personal, pero que los tratar\u00e1n con todas las garant\u00edas legales exigibles, siguiendo nuestras instrucciones y previa suscripci\u00f3n de un contrato de protecci\u00f3n de datos en el que exigimos, entre otros, tratar los datos exclusivamente para.<\/p><p>En VIBRANDING DESIGN, SL seguimos unos criterios estrictos de selecci\u00f3n de terceros prestadores de servicios para dar cumplimiento a nuestras obligaciones en materia de protecci\u00f3n de datos.<\/p><p><strong>6. \u00bfCU\u00c1LES SON TUS DERECHOS CUANDO NOS FACILITA TUS DATOS?<\/strong><\/p><p>Cualquier persona tiene derecho a obtener confirmaci\u00f3n sobre si en VIBRANDING DESIGN, SL estamos tratando datos personales que le conciernen o no.<\/p><p>Asimismo, tiene:<\/p><p>Derecho a solicitar el acceso a sus datos personales.<\/p><p>Derecho a solicitar su rectificaci\u00f3n<\/p><p>Derecho a solicitar su supresi\u00f3n.<\/p><p>Derecho a solicitar la limitaci\u00f3n del tratamiento.<\/p><p>Derecho a oponerse al tratamiento.<\/p><p>Derecho a la portabilidad de los datos.<\/p><p>Derecho a retirar el consentimiento prestado.<\/p><p>Derecho de informaci\u00f3n<\/p><p>Derecho a oponerse a ser objeto de decisiones individuales automatizadas<\/p><p>Para ejercer sus derechos dirija un escrito, adjuntando copia de su DNI, a:<\/p><p>VIBRANDING DESIGN, SL<\/p><p>Ejercicio derechos protecci\u00f3n de datos<\/p><p>Carrer Llevant, 20, baixos<\/p><p>08402 Granollers, Barcelona<\/p><p>o bien remita un email a: protecciondedatos@vibranding.com<\/p><p>Asimismo, le informamos que puede dirigirse a la Agencia Espa\u00f1ola de Protecci\u00f3n de Datos (www.agpd.es) para obtener informaci\u00f3n adicional o para presentar una reclamaci\u00f3n, por ejemplo, si no ha obtenido satisfacci\u00f3n en el ejercicio de sus derechos.<\/p>\t\t\t\t\t\t\t\t<\/div>\n\t\t\t\t<\/div>\n\t\t\t\t\t<\/div>\n\t\t\t\t<\/div>\n\t\t\t\t<\/div>\n\t\t","protected":false},"excerpt":{"rendered":"<p>Pol\u00edtica de privacidad VIBRANDING DESIGN, SL realiza los tratamientos de datos de car\u00e1cter personal que se relacionan a continuaci\u00f3n: 1. \u00bfQUI\u00c9N ES EL RESPONSABLE DEL TRATAMIENTO DE SUS DATOS? VIBRANDING DESIGN, SL B66805573 Carrer Llevant, 20, baixos 08402 Granollers, Barcelona protecciondedatos@vibranding.com 93 103 40 90 2. \u00bfCON QU\u00c9 FINALIDAD TRATAMOS SUS DATOS PERSONALES? FINALIDAD +info [&hellip;]<\/p>\n","protected":false},"author":1,"featured_media":0,"parent":0,"menu_order":100,"comment_status":"closed","ping_status":"closed","template":"","meta":{"footnotes":""},"class_list":["post-852","page","type-page","status-publish","hentry"],"_links":{"self":[{"href":"https:\/\/www.pouhaus.com\/es\/wp-json\/wp\/v2\/pages\/852","targetHints":{"allow":["GET"]}}],"collection":[{"href":"https:\/\/www.pouhaus.com\/es\/wp-json\/wp\/v2\/pages"}],"about":[{"href":"https:\/\/www.pouhaus.com\/es\/wp-json\/wp\/v2\/types\/page"}],"author":[{"embeddable":true,"href":"https:\/\/www.pouhaus.com\/es\/wp-json\/wp\/v2\/users\/1"}],"replies":[{"embeddable":true,"href":"https:\/\/www.pouhaus.com\/es\/wp-json\/wp\/v2\/comments?post=852"}],"version-history":[{"count":13,"href":"https:\/\/www.pouhaus.com\/es\/wp-json\/wp\/v2\/pages\/852\/revisions"}],"predecessor-version":[{"id":1113,"href":"https:\/\/www.pouhaus.com\/es\/wp-json\/wp\/v2\/pages\/852\/revisions\/1113"}],"wp:attachment":[{"href":"https:\/\/www.pouhaus.com\/es\/wp-json\/wp\/v2\/media?parent=852"}],"curies":[{"name":"wp","href":"https:\/\/api.w.org\/{rel}","templated":true}]}}