{"id":892,"date":"2026-03-04T15:18:29","date_gmt":"2026-03-04T14:18:29","guid":{"rendered":"https:\/\/www.pouhaus.com\/inicio-2026\/"},"modified":"2026-03-10T11:34:29","modified_gmt":"2026-03-10T10:34:29","slug":"inicio-2026","status":"publish","type":"page","link":"https:\/\/www.pouhaus.com\/es\/","title":{"rendered":"Inicio"},"content":{"rendered":"\t\t<div data-elementor-type=\"wp-page\" data-elementor-id=\"892\" class=\"elementor elementor-892 elementor-785\" data-elementor-post-type=\"page\">\n\t\t\t\t<div class=\"elementor-element elementor-element-72bc2fa modo_dark e-flex e-con-boxed e-con e-parent\" data-id=\"72bc2fa\" data-element_type=\"container\" data-e-type=\"container\" data-settings=\"{&quot;background_background&quot;:&quot;classic&quot;}\">\n\t\t\t\t\t<div class=\"e-con-inner\">\n\t\t<div class=\"elementor-element elementor-element-c99558f e-con-full e-flex e-con e-child\" data-id=\"c99558f\" data-element_type=\"container\" data-e-type=\"container\" data-settings=\"{&quot;background_background&quot;:&quot;classic&quot;}\">\n\t\t<div class=\"elementor-element elementor-element-7f52e69 e-con-full e-flex e-con e-child\" data-id=\"7f52e69\" data-element_type=\"container\" data-e-type=\"container\">\n\t\t\t\t<div class=\"elementor-element elementor-element-8421485 elementor-widget elementor-widget-image\" data-id=\"8421485\" data-element_type=\"widget\" data-e-type=\"widget\" data-widget_type=\"image.default\">\n\t\t\t\t<div class=\"elementor-widget-container\">\n\t\t\t\t\t\t\t\t\t\t\t\t\t\t\t<img decoding=\"async\" width=\"377\" height=\"71\" src=\"https:\/\/www.pouhaus.com\/wp-content\/uploads\/2024\/12\/Sec02-logo.png\" class=\"attachment-full size-full wp-image-885\" alt=\"\" srcset=\"https:\/\/www.pouhaus.com\/wp-content\/uploads\/2024\/12\/Sec02-logo.png 377w, https:\/\/www.pouhaus.com\/wp-content\/uploads\/2024\/12\/Sec02-logo-300x56.png 300w\" sizes=\"(max-width: 377px) 100vw, 377px\" \/>\t\t\t\t\t\t\t\t\t\t\t\t\t\t\t<\/div>\n\t\t\t\t<\/div>\n\t\t\t\t<div class=\"elementor-element elementor-element-b3093a5 separador elementor-widget-divider--view-line elementor-widget elementor-widget-divider\" data-id=\"b3093a5\" data-element_type=\"widget\" data-e-type=\"widget\" data-widget_type=\"divider.default\">\n\t\t\t\t<div class=\"elementor-widget-container\">\n\t\t\t\t\t\t\t<div class=\"elementor-divider\">\n\t\t\t<span class=\"elementor-divider-separator\">\n\t\t\t\t\t\t<\/span>\n\t\t<\/div>\n\t\t\t\t\t\t<\/div>\n\t\t\t\t<\/div>\n\t\t\t\t<div class=\"elementor-element elementor-element-c1d088d elementor-widget elementor-widget-html\" data-id=\"c1d088d\" data-element_type=\"widget\" data-e-type=\"widget\" data-widget_type=\"html.default\">\n\t\t\t\t<div class=\"elementor-widget-container\">\n\t\t\t\t\t<script>document.addEventListener(\"DOMContentLoaded\", function() {\r\n    gsap.registerPlugin(ScrollTrigger);\r\n\r\n    \/\/ Animaci\u00f3n de la l\u00ednea separadora\r\n    gsap.fromTo(\".separador\",\r\n      { scaleX: 0, opacity: 0, transformOrigin: \"left center\" }, \/\/ Estado inicial\r\n      {\r\n        scaleX: 1, \/\/ Se expande de izquierda a derecha\r\n        opacity: 1, \/\/ Se vuelve visible\r\n        duration: 2, \/\/ \u23f3 La animaci\u00f3n dura 2 segundos\r\n        ease: \"power1.out\",\r\n        scrollTrigger: {\r\n          trigger: \".separador\",\r\n          start: \"top 50%\",  \/\/ Inicia cuando la l\u00ednea entra en vista\r\n          end: \"top 80%\",  \/\/ Termina cuando ha recorrido su distancia total\r\n          scrub: 2,  \/\/ Sincroniza con el scroll\r\n          toggleActions: \"play none none reverse\"\r\n        }\r\n      }\r\n    );\r\n\r\n    \/\/ Animaci\u00f3n del texto solo cuando la l\u00ednea ha completado su expansi\u00f3n\r\n    gsap.fromTo(\".numero20\",\r\n      { opacity: 0, y: 20 }, \/\/ Estado inicial (invisible y m\u00e1s abajo)\r\n      {\r\n        opacity: 1,\r\n        y: 0,\r\n        duration: 1,\r\n        ease: \"power2.out\",\r\n        scrollTrigger: {\r\n          trigger: \".separador\",\r\n          start: \"top 45%\",  \/\/ \ud83d\udccc Se activa solo cuando la l\u00ednea ha terminado de expandirse\r\n          end: \"top 40%\",  \/\/ \ud83d\udccc Punto donde deja de animarse\r\n          toggleActions: \"play none reverse none\" \/\/ \u26a1 Se oculta antes de que la l\u00ednea se contraiga\r\n        }\r\n      }\r\n    );\r\n  });\r\n<\/script>\t\t\t\t<\/div>\n\t\t\t\t<\/div>\n\t\t\t\t<div class=\"elementor-element elementor-element-0598661 numero20 elementor-widget elementor-widget-text-editor\" data-id=\"0598661\" data-element_type=\"widget\" data-e-type=\"widget\" data-widget_type=\"text-editor.default\">\n\t\t\t\t<div class=\"elementor-widget-container\">\n\t\t\t\t\t\t\t\t\t<p>#20<\/p>\t\t\t\t\t\t\t\t<\/div>\n\t\t\t\t<\/div>\n\t\t\t\t<\/div>\n\t\t<div class=\"elementor-element elementor-element-d3215ee e-con-full e-flex e-con e-child\" data-id=\"d3215ee\" data-element_type=\"container\" data-e-type=\"container\">\n\t\t\t\t<div class=\"elementor-element elementor-element-52724d0 elementor-widget elementor-widget-text-editor\" data-id=\"52724d0\" data-element_type=\"widget\" data-e-type=\"widget\" data-widget_type=\"text-editor.default\">\n\t\t\t\t<div class=\"elementor-widget-container\">\n\t\t\t\t\t\t\t\t\t<p>un ecosistema para la cultura de marca<\/p>\t\t\t\t\t\t\t\t<\/div>\n\t\t\t\t<\/div>\n\t\t\t\t<\/div>\n\t\t<div class=\"elementor-element elementor-element-0a65143 e-con-full e-flex e-con e-child\" data-id=\"0a65143\" data-element_type=\"container\" data-e-type=\"container\" data-settings=\"{&quot;position&quot;:&quot;absolute&quot;}\">\n\t\t\t\t<div class=\"elementor-element elementor-element-e2f88e5 elementor-widget elementor-widget-image\" data-id=\"e2f88e5\" data-element_type=\"widget\" data-e-type=\"widget\" data-widget_type=\"image.default\">\n\t\t\t\t<div class=\"elementor-widget-container\">\n\t\t\t\t\t\t\t\t\t\t\t\t\t\t\t\t<a href=\"\/#nosaltres\">\n\t\t\t\t\t\t\t<img decoding=\"async\" width=\"36\" height=\"70\" src=\"https:\/\/www.pouhaus.com\/wp-content\/uploads\/2024\/12\/sec_01-down.svg\" class=\"attachment-full size-full wp-image-886\" alt=\"\" \/>\t\t\t\t\t\t\t\t<\/a>\n\t\t\t\t\t\t\t\t\t\t\t\t\t\t\t<\/div>\n\t\t\t\t<\/div>\n\t\t\t\t<\/div>\n\t\t\t\t<\/div>\n\t\t<div class=\"elementor-element elementor-element-7184ae5 e-con-full e-flex e-con e-child\" data-id=\"7184ae5\" data-element_type=\"container\" data-e-type=\"container\">\n\t\t\t\t<\/div>\n\t\t\t\t\t<\/div>\n\t\t\t\t<\/div>\n\t\t<div class=\"elementor-element elementor-element-abf23c8 modo_dark e-flex e-con-boxed e-con e-parent\" data-id=\"abf23c8\" data-element_type=\"container\" data-e-type=\"container\" data-settings=\"{&quot;background_background&quot;:&quot;classic&quot;}\">\n\t\t\t\t\t<div class=\"e-con-inner\">\n\t\t<div class=\"elementor-element elementor-element-72d37eb e-con-full e-flex e-con e-child\" data-id=\"72d37eb\" data-element_type=\"container\" data-e-type=\"container\" data-settings=\"{&quot;background_background&quot;:&quot;classic&quot;}\">\n\t\t<div class=\"elementor-element elementor-element-2bcdc0c e-con-full e-flex e-con e-child\" data-id=\"2bcdc0c\" data-element_type=\"container\" data-e-type=\"container\">\n\t\t\t\t<div class=\"elementor-element elementor-element-d03cad9 elementor-widget elementor-widget-image\" data-id=\"d03cad9\" data-element_type=\"widget\" data-e-type=\"widget\" data-widget_type=\"image.default\">\n\t\t\t\t<div class=\"elementor-widget-container\">\n\t\t\t\t\t\t\t\t\t\t\t\t\t\t\t<img decoding=\"async\" width=\"377\" height=\"71\" src=\"https:\/\/www.pouhaus.com\/wp-content\/uploads\/2024\/12\/Sec02-logo.png\" class=\"attachment-full size-full wp-image-885\" alt=\"\" srcset=\"https:\/\/www.pouhaus.com\/wp-content\/uploads\/2024\/12\/Sec02-logo.png 377w, https:\/\/www.pouhaus.com\/wp-content\/uploads\/2024\/12\/Sec02-logo-300x56.png 300w\" sizes=\"(max-width: 377px) 100vw, 377px\" \/>\t\t\t\t\t\t\t\t\t\t\t\t\t\t\t<\/div>\n\t\t\t\t<\/div>\n\t\t\t\t<div class=\"elementor-element elementor-element-5ecc2b8 separador_2 elementor-widget-divider--view-line elementor-widget elementor-widget-divider\" data-id=\"5ecc2b8\" data-element_type=\"widget\" data-e-type=\"widget\" data-widget_type=\"divider.default\">\n\t\t\t\t<div class=\"elementor-widget-container\">\n\t\t\t\t\t\t\t<div class=\"elementor-divider\">\n\t\t\t<span class=\"elementor-divider-separator\">\n\t\t\t\t\t\t<\/span>\n\t\t<\/div>\n\t\t\t\t\t\t<\/div>\n\t\t\t\t<\/div>\n\t\t\t\t<div class=\"elementor-element elementor-element-3d615fa elementor-widget elementor-widget-html\" data-id=\"3d615fa\" data-element_type=\"widget\" data-e-type=\"widget\" data-widget_type=\"html.default\">\n\t\t\t\t<div class=\"elementor-widget-container\">\n\t\t\t\t\t<script>document.addEventListener(\"DOMContentLoaded\", function() {\r\n    gsap.registerPlugin(ScrollTrigger);\r\n\r\n    \/\/ Animaci\u00f3n de la l\u00ednea separadora\r\n    gsap.fromTo(\".separador_2\",\r\n      { scaleX: 0, opacity: 0, transformOrigin: \"left center\" }, \/\/ Estado inicial\r\n      {\r\n        scaleX: 1, \/\/ Se expande de izquierda a derecha\r\n        opacity: 1, \/\/ Se vuelve visible\r\n        duration: 2, \/\/ \u23f3 La animaci\u00f3n dura 2 segundos\r\n        ease: \"power1.out\",\r\n        scrollTrigger: {\r\n          trigger: \".separador_2\",\r\n          start: \"top 50%\",  \/\/ Inicia cuando la l\u00ednea entra en vista\r\n          end: \"top 80%\",  \/\/ Termina cuando ha recorrido su distancia total\r\n          scrub: 2,  \/\/ Sincroniza con el scroll\r\n          toggleActions: \"play none none reverse\"\r\n        }\r\n      }\r\n    );\r\n\r\n    \/\/ Animaci\u00f3n del texto solo cuando la l\u00ednea ha completado su expansi\u00f3n\r\n    gsap.fromTo(\".numero_20_2\",\r\n      { opacity: 0, y: 20 }, \/\/ Estado inicial (invisible y m\u00e1s abajo)\r\n      {\r\n        opacity: 1,\r\n        y: 0,\r\n        duration: 1,\r\n        ease: \"power2.out\",\r\n        scrollTrigger: {\r\n          trigger: \".separador_2\",\r\n          start: \"top 45%\",  \/\/ \ud83d\udccc Se activa solo cuando la l\u00ednea ha terminado de expandirse\r\n          end: \"top 40%\",  \/\/ \ud83d\udccc Punto donde deja de animarse\r\n          toggleActions: \"play none reverse none\" \/\/ \u26a1 Se oculta antes de que la l\u00ednea se contraiga\r\n        }\r\n      }\r\n    );\r\n    \r\n    gsap.fromTo(\".numero_20_2_1\",\r\n      { opacity: 0, y: 20 }, \/\/ Estado inicial (invisible y m\u00e1s abajo)\r\n      {\r\n        opacity: 1,\r\n        y: 0,\r\n        duration: 1,\r\n        ease: \"power2.out\",\r\n        scrollTrigger: {\r\n          trigger: \".separador_2\",\r\n          start: \"top 45%\",  \/\/ \ud83d\udccc Se activa solo cuando la l\u00ednea ha terminado de expandirse\r\n          end: \"top 40%\",  \/\/ \ud83d\udccc Punto donde deja de animarse\r\n          toggleActions: \"play none reverse none\" \/\/ \u26a1 Se oculta antes de que la l\u00ednea se contraiga\r\n        }\r\n      }\r\n    );\r\n  });\r\n<\/script>\t\t\t\t<\/div>\n\t\t\t\t<\/div>\n\t\t\t\t<div class=\"elementor-element elementor-element-1d59128 numero_20_2 elementor-widget elementor-widget-text-editor\" data-id=\"1d59128\" data-element_type=\"widget\" data-e-type=\"widget\" data-widget_type=\"text-editor.default\">\n\t\t\t\t<div class=\"elementor-widget-container\">\n\t\t\t\t\t\t\t\t\t<p>#20<\/p>\t\t\t\t\t\t\t\t<\/div>\n\t\t\t\t<\/div>\n\t\t\t\t<\/div>\n\t\t<div class=\"elementor-element elementor-element-bb908db e-con-full e-flex e-con e-child\" data-id=\"bb908db\" data-element_type=\"container\" data-e-type=\"container\">\n\t\t\t\t<div class=\"elementor-element elementor-element-bcab2cb elementor-widget__width-initial elementor-absolute numero_20_2_1 elementor-widget elementor-widget-text-editor\" data-id=\"bcab2cb\" data-element_type=\"widget\" data-e-type=\"widget\" data-settings=\"{&quot;_position&quot;:&quot;absolute&quot;}\" data-widget_type=\"text-editor.default\">\n\t\t\t\t<div class=\"elementor-widget-container\">\n\t\t\t\t\t\t\t\t\t<p>Pouhaus es un espacio inspirador y colaborativo donde creadores, estrategas, consultores y responsables de marcas compartimos un mismo objetivo: definir, gestionar y activar profesionalmente cada marca.<\/p>\t\t\t\t\t\t\t\t<\/div>\n\t\t\t\t<\/div>\n\t\t\t\t<\/div>\n\t\t\t\t<\/div>\n\t\t\t\t\t<\/div>\n\t\t\t\t<\/div>\n\t\t<div class=\"elementor-element elementor-element-1903458 modo_dark e-flex e-con-boxed e-con e-parent\" data-id=\"1903458\" data-element_type=\"container\" data-e-type=\"container\" data-settings=\"{&quot;background_background&quot;:&quot;classic&quot;}\">\n\t\t\t\t\t<div class=\"e-con-inner\">\n\t\t<div class=\"elementor-element elementor-element-31f0382 e-con-full e-flex e-con e-child\" data-id=\"31f0382\" data-element_type=\"container\" data-e-type=\"container\" data-settings=\"{&quot;background_background&quot;:&quot;classic&quot;}\">\n\t\t<div class=\"elementor-element elementor-element-98c5010 e-con-full e-flex e-con e-child\" data-id=\"98c5010\" data-element_type=\"container\" data-e-type=\"container\">\n\t\t\t\t<div class=\"elementor-element elementor-element-2b8d1c9 elementor-widget elementor-widget-image\" data-id=\"2b8d1c9\" data-element_type=\"widget\" data-e-type=\"widget\" data-widget_type=\"image.default\">\n\t\t\t\t<div class=\"elementor-widget-container\">\n\t\t\t\t\t\t\t\t\t\t\t\t\t\t\t<img decoding=\"async\" width=\"210\" height=\"146\" src=\"https:\/\/www.pouhaus.com\/wp-content\/uploads\/2024\/12\/Sec03-logo.png\" class=\"attachment-full size-full wp-image-889\" alt=\"\" \/>\t\t\t\t\t\t\t\t\t\t\t\t\t\t\t<\/div>\n\t\t\t\t<\/div>\n\t\t\t\t<div class=\"elementor-element elementor-element-70f3349 elementor-widget elementor-widget-html\" data-id=\"70f3349\" data-element_type=\"widget\" data-e-type=\"widget\" data-widget_type=\"html.default\">\n\t\t\t\t<div class=\"elementor-widget-container\">\n\t\t\t\t\t<div class=\"separador_3\"><\/div>\r\n\t\t\t\t<\/div>\n\t\t\t\t<\/div>\n\t\t\t\t<div class=\"elementor-element elementor-element-e5c4a53 elementor-widget elementor-widget-html\" data-id=\"e5c4a53\" data-element_type=\"widget\" data-e-type=\"widget\" data-widget_type=\"html.default\">\n\t\t\t\t<div class=\"elementor-widget-container\">\n\t\t\t\t\t<script>document.addEventListener(\"DOMContentLoaded\", function() {\r\n    gsap.registerPlugin(ScrollTrigger);\r\n\r\n    \/\/ Animaci\u00f3n de la l\u00ednea separadora (expansi\u00f3n vertical)\r\n    gsap.fromTo(\".separador_3\",\r\n      { scaleY: 0, opacity: 0, transformOrigin: \"top center\" }, \/\/ Estado inicial\r\n      {\r\n        scaleY: 1, \/\/ Se expande de arriba hacia abajo\r\n        opacity: 1, \/\/ Se vuelve visible\r\n        duration: 2, \/\/ \u23f3 La animaci\u00f3n dura 2 segundos\r\n        ease: \"power1.out\",\r\n        scrollTrigger: {\r\n          trigger: \".separador_3\",\r\n          start: \"top 50%\",  \/\/ Inicia cuando la l\u00ednea entra en vista\r\n          end: \"top 80%\",  \/\/ Termina cuando ha recorrido su distancia total\r\n          scrub: 2,  \/\/ Sincroniza con el scroll\r\n          toggleActions: \"play none none reverse\"\r\n        }\r\n      }\r\n    );\r\n\r\n    \/\/ Animaci\u00f3n del texto solo cuando la l\u00ednea ha completado su expansi\u00f3n\r\n    gsap.fromTo(\".numero_20_3\",\r\n      { opacity: 0, y: 20 }, \/\/ Estado inicial (invisible y m\u00e1s abajo)\r\n      {\r\n        opacity: 1,\r\n        y: 0,\r\n        duration: 1,\r\n        ease: \"power2.out\",\r\n        scrollTrigger: {\r\n          trigger: \".separador_3\",\r\n          start: \"top 45%\",  \/\/ \ud83d\udccc Se activa solo cuando la l\u00ednea ha terminado de expandirse\r\n          end: \"top 40%\",  \/\/ \ud83d\udccc Punto donde deja de animarse\r\n          toggleActions: \"play none reverse none\" \/\/ \u26a1 Se oculta antes de que la l\u00ednea se contraiga\r\n        }\r\n      }\r\n    );\r\n    \r\n    gsap.fromTo(\".numero_20_3_1\",\r\n      { opacity: 0, y: 20 }, \/\/ Estado inicial (invisible y m\u00e1s abajo)\r\n      {\r\n        opacity: 1,\r\n        y: 0,\r\n        duration: 1,\r\n        ease: \"power2.out\",\r\n        scrollTrigger: {\r\n          trigger: \".separador_3\",\r\n          start: \"top 45%\",  \/\/ \ud83d\udccc Se activa solo cuando la l\u00ednea ha terminado de expandirse\r\n          end: \"top 40%\",  \/\/ \ud83d\udccc Punto donde deja de animarse\r\n          toggleActions: \"play none reverse none\" \/\/ \u26a1 Se oculta antes de que la l\u00ednea se contraiga\r\n        }\r\n      }\r\n    );\r\n  });\r\n<\/script>\t\t\t\t<\/div>\n\t\t\t\t<\/div>\n\t\t\t\t<div class=\"elementor-element elementor-element-e4c502a numero_20_3 elementor-widget elementor-widget-text-editor\" data-id=\"e4c502a\" data-element_type=\"widget\" data-e-type=\"widget\" data-widget_type=\"text-editor.default\">\n\t\t\t\t<div class=\"elementor-widget-container\">\n\t\t\t\t\t\t\t\t\t<p>#20<\/p>\t\t\t\t\t\t\t\t<\/div>\n\t\t\t\t<\/div>\n\t\t\t\t<\/div>\n\t\t<div class=\"elementor-element elementor-element-7afb7c9 e-con-full e-flex e-con e-child\" data-id=\"7afb7c9\" data-element_type=\"container\" data-e-type=\"container\">\n\t\t\t\t<div class=\"elementor-element elementor-element-7fc357c elementor-widget__width-initial elementor-absolute numero_20_3_1 elementor-widget elementor-widget-text-editor\" data-id=\"7fc357c\" data-element_type=\"widget\" data-e-type=\"widget\" data-settings=\"{&quot;_position&quot;:&quot;absolute&quot;}\" data-widget_type=\"text-editor.default\">\n\t\t\t\t<div class=\"elementor-widget-container\">\n\t\t\t\t\t\t\t\t\t<p>Pouhaus es un espacio inspirador y colaborativo donde creadores, estrategas, consultores y responsables de marcas compartimos un mismo objetivo: definir, gestionar y activar profesionalmente cada marca.<\/p>\t\t\t\t\t\t\t\t<\/div>\n\t\t\t\t<\/div>\n\t\t\t\t<\/div>\n\t\t\t\t<\/div>\n\t\t\t\t\t<\/div>\n\t\t\t\t<\/div>\n\t\t<div class=\"elementor-element elementor-element-8fd4d1a modo_dark e-flex e-con-boxed e-con e-parent\" data-id=\"8fd4d1a\" data-element_type=\"container\" data-e-type=\"container\" data-settings=\"{&quot;background_background&quot;:&quot;classic&quot;}\">\n\t\t\t\t\t<div class=\"e-con-inner\">\n\t\t\t\t<div class=\"elementor-element elementor-element-6b632e5 elementor-widget elementor-widget-html\" data-id=\"6b632e5\" data-element_type=\"widget\" data-e-type=\"widget\" data-widget_type=\"html.default\">\n\t\t\t\t<div class=\"elementor-widget-container\">\n\t\t\t\t\t<div class=\"imagen-container\">\r\n    <img decoding=\"async\" src=\"\/wp-content\/uploads\/2025\/04\/pozo.svg\" alt=\"Imagen inicial\" class=\"imagen-animada\">\r\n    <div class=\"fondo-verde-pozo\">\r\n        <div class=\"fondo-verde-txt\">Pouhaus,<br>un espacio inspirador<br>y colaborativo<\/div>\r\n    <\/div>\r\n<\/div>\r\n<script>\r\n  document.addEventListener(\"DOMContentLoaded\", function () {\r\n    gsap.registerPlugin(ScrollTrigger);\r\n    \r\n    \/\/ Animaci\u00f3n para la imagen principal (solo rotaci\u00f3n)\r\n    gsap.to(\".imagen-animada\", {\r\n      rotation: -360, \/\/ Gira completamente a la izquierda\r\n      duration: 0.6,\r\n      ease: \"power2.out\",\r\n      scrollTrigger: {\r\n        trigger: \".imagen-container\",\r\n        start: \"top 10%\",\r\n        end: \"top 0%\",\r\n        toggleActions: \"play none none reverse\"\r\n      }\r\n    });\r\n    \r\n    \/\/ Animaci\u00f3n para el c\u00edrculo verde\r\n    gsap.to(\".fondo-verde-pozo\", {\r\n      scale: 3.05, \/\/ Escala ajustada a 3.05 como indicaste\r\n      rotation: -360, \/\/ Gira igual que la imagen principal\r\n      backgroundColor: \"#97fe9c80\", \/\/ Color con transparencia en lugar de usar opacity\r\n      duration: 0.6,\r\n      ease: \"power2.out\",\r\n      scrollTrigger: {\r\n        trigger: \".imagen-container\",\r\n        start: \"top 10%\",\r\n        end: \"top 0%\",\r\n        toggleActions: \"play none none reverse\"\r\n      }\r\n    });\r\n    \r\n    \/\/ Animaci\u00f3n para el texto dentro del c\u00edrculo verde\r\n    gsap.to(\".fondo-verde-txt\", {\r\n      rotation: -360, \/\/ Gira igual que la imagen principal\r\n      scale: 1.5, \/\/ Escala ajustada a 1.5 como indicaste\r\n      duration: 0.6,\r\n      ease: \"power2.out\",\r\n      scrollTrigger: {\r\n        trigger: \".imagen-container\",\r\n        start: \"top 10%\",\r\n        end: \"top 0%\",\r\n        toggleActions: \"play none none reverse\"\r\n      }\r\n    });\r\n  });\r\n<\/script>\t\t\t\t<\/div>\n\t\t\t\t<\/div>\n\t\t\t\t\t<\/div>\n\t\t\t\t<\/div>\n\t\t\t\t<\/div>\n\t\t","protected":false},"excerpt":{"rendered":"<p>#20 un ecosistema para la cultura de marca #20 Pouhaus es un espacio inspirador y colaborativo donde creadores, estrategas, consultores y responsables de marcas compartimos un mismo objetivo: definir, gestionar y activar profesionalmente cada marca. #20 Pouhaus es un espacio inspirador y colaborativo donde creadores, estrategas, consultores y responsables de marcas compartimos un mismo objetivo: [&hellip;]<\/p>\n","protected":false},"author":1,"featured_media":0,"parent":0,"menu_order":0,"comment_status":"closed","ping_status":"closed","template":"","meta":{"footnotes":""},"class_list":["post-892","page","type-page","status-publish","hentry"],"_links":{"self":[{"href":"https:\/\/www.pouhaus.com\/es\/wp-json\/wp\/v2\/pages\/892","targetHints":{"allow":["GET"]}}],"collection":[{"href":"https:\/\/www.pouhaus.com\/es\/wp-json\/wp\/v2\/pages"}],"about":[{"href":"https:\/\/www.pouhaus.com\/es\/wp-json\/wp\/v2\/types\/page"}],"author":[{"embeddable":true,"href":"https:\/\/www.pouhaus.com\/es\/wp-json\/wp\/v2\/users\/1"}],"replies":[{"embeddable":true,"href":"https:\/\/www.pouhaus.com\/es\/wp-json\/wp\/v2\/comments?post=892"}],"version-history":[{"count":2,"href":"https:\/\/www.pouhaus.com\/es\/wp-json\/wp\/v2\/pages\/892\/revisions"}],"predecessor-version":[{"id":922,"href":"https:\/\/www.pouhaus.com\/es\/wp-json\/wp\/v2\/pages\/892\/revisions\/922"}],"wp:attachment":[{"href":"https:\/\/www.pouhaus.com\/es\/wp-json\/wp\/v2\/media?parent=892"}],"curies":[{"name":"wp","href":"https:\/\/api.w.org\/{rel}","templated":true}]}}