{"id":894,"date":"2026-03-04T15:24:01","date_gmt":"2026-03-04T14:24:01","guid":{"rendered":"https:\/\/www.pouhaus.com\/nosotros\/"},"modified":"2026-03-10T10:56:32","modified_gmt":"2026-03-10T09:56:32","slug":"nosotros","status":"publish","type":"page","link":"https:\/\/www.pouhaus.com\/es\/nosotros\/","title":{"rendered":"Nosotros"},"content":{"rendered":"\t\t<div data-elementor-type=\"wp-page\" data-elementor-id=\"894\" class=\"elementor elementor-894 elementor-796\" data-elementor-post-type=\"page\">\n\t\t\t\t<div class=\"elementor-element elementor-element-38949fb e-con-full modo_light e-flex e-con e-parent\" data-id=\"38949fb\" data-element_type=\"container\" data-e-type=\"container\" data-settings=\"{&quot;background_background&quot;:&quot;classic&quot;}\">\n\t\t<div class=\"elementor-element elementor-element-20e4e3f e-con-full e-flex e-con e-child\" data-id=\"20e4e3f\" data-element_type=\"container\" data-e-type=\"container\" data-settings=\"{&quot;background_background&quot;:&quot;classic&quot;}\">\n\t\t<div class=\"elementor-element elementor-element-2a49fc8 e-con-full e-flex e-con e-child\" data-id=\"2a49fc8\" data-element_type=\"container\" data-e-type=\"container\">\n\t\t\t\t<div class=\"elementor-element elementor-element-82ed12f elementor-widget elementor-widget-html\" data-id=\"82ed12f\" data-element_type=\"widget\" data-e-type=\"widget\" data-widget_type=\"html.default\">\n\t\t\t\t<div class=\"elementor-widget-container\">\n\t\t\t\t\t<div class=\"seccion-5\">\r\n    <img decoding=\"async\" src=\"\/wp-content\/uploads\/2025\/02\/sec05-ladrillos.png\" alt=\"Ladrillos\" class=\"imagen-ladrillos\" style=\"z-index:20;\">\r\n    <div class=\"texto-container\" style=\"z-index:30;\">\r\n        <p class=\"texto_defensem\">\r\n            <span class=\"palabra-inicial\">Defendemos<\/span> \r\n <span class=\"texto-completo\">que una gesti\u00f3n creativa y profesional de la marca es la decisi\u00f3n m\u00e1s sostenible; ayuda a optimizar los recursos que se invierten en ella, consiguiendo m\u00e1s con menos.<\/span>\r\n        <\/p>\r\n    <\/div>\r\n<\/div>\r\n\r\n\r\n<script>\r\n  document.addEventListener(\"DOMContentLoaded\", function() {\r\n    gsap.registerPlugin(ScrollTrigger);\r\n\r\n    \/\/ \ud83d\udccc Animaci\u00f3n de la imagen (entra desde la izquierda)\r\n    gsap.to(\".imagen-ladrillos\", {\r\n      x: 0, \/\/ Se mueve a su posici\u00f3n final (pegado a la izquierda)\r\n      duration: 1.2,\r\n      ease: \"power2.out\",\r\n      scrollTrigger: {\r\n        trigger: \".seccion-5\",\r\n        start: \"top 60%\", \/\/ Inicia la animaci\u00f3n cuando la secci\u00f3n entra en pantalla\r\n        end: \"top 40%\", \/\/ Finaliza un poco m\u00e1s abajo\r\n        toggleActions: \"play none none reverse\"\r\n      }\r\n    });\r\n\r\n    \/\/ \ud83d\udccc Animaci\u00f3n del texto\r\n    gsap.fromTo(\".texto-completo\",\r\n      { opacity: 0, x: -50 }, \/\/ Inicialmente invisible y desplazado a la izquierda\r\n      {\r\n        opacity: 1,\r\n        x: 0,\r\n        duration: 1,\r\n        ease: \"power2.out\",\r\n        delay: 0.6, \/\/ Espera a que la imagen empiece a moverse\r\n        scrollTrigger: {\r\n          trigger: \".seccion-5\",\r\n          start: \"top 55%\", \/\/ Coordinado con la imagen\r\n          end: \"top 35%\",\r\n          toggleActions: \"play none none reverse\"\r\n        }\r\n      }\r\n    );\r\n  });\r\n<\/script>\r\n\r\n\r\n\t\t\t\t<\/div>\n\t\t\t\t<\/div>\n\t\t\t\t<div class=\"elementor-element elementor-element-34fdf9c elementor-absolute elementor-widget elementor-widget-html\" data-id=\"34fdf9c\" data-element_type=\"widget\" data-e-type=\"widget\" data-settings=\"{&quot;_position&quot;:&quot;absolute&quot;}\" data-widget_type=\"html.default\">\n\t\t\t\t<div class=\"elementor-widget-container\">\n\t\t\t\t\t<div class=\"seccion-5-2\">\r\n    <div class=\"contenedor-logo5-2\">\r\n        <img decoding=\"async\" src=\"\/wp-content\/uploads\/2025\/02\/sec05-logo1.png\" alt=\"Logo Inicial\" class=\"logo-animado5-2\">\r\n        <div class=\"separador5-2\"><\/div>\r\n        <div class=\"texto-branding5-2\">\r\n            <p class=\"titulo-branding5-2\">BRANDING<\/p>\r\n            <p class=\"texto-descripcion5-2\">\r\n Pouhaus es un espacio inspirador y colaborativo donde creadores, estrategas, consultores y responsables de marcas compartimos un mismo objetivo: definir, gestionar y activar profesionalmente cada marca.\r\n            <\/p>\r\n        <\/div>\r\n    <\/div>\r\n<\/div>\r\n\r\n<script>\r\n  document.addEventListener(\"DOMContentLoaded\", function() {\r\n    gsap.registerPlugin(ScrollTrigger);\r\n\r\n    \/\/ \ud83d\udccc Cambio progresivo de la imagen\r\n    gsap.to(\".logo-animado5-2\", {\r\n      duration: 1.5,\r\n      ease: \"power2.out\",\r\n      scrollTrigger: {\r\n        trigger: \".seccion-5-2\",\r\n        start: \"top 60%\", \r\n        end: \"top 40%\",\r\n        toggleActions: \"play none none reverse\",\r\n        onEnter: () => cambiarImagen(\"\/wp-content\/uploads\/2025\/02\/sec05-logo2.png\"),\r\n        onLeaveBack: () => cambiarImagen(\"\/wp-content\/uploads\/2025\/02\/sec05-logo1.png\")\r\n      }\r\n    });\r\n\r\n    function cambiarImagen(nuevaImagen) {\r\n      document.querySelector(\".logo-animado5-2\").src = nuevaImagen;\r\n    }\r\n\r\n    \/\/ \ud83d\udccc Crecimiento del separador despu\u00e9s del cambio de imagen\r\n    gsap.to(\".separador5-2\", {\r\n      height: \"248px\", \/\/ Crece en altura\r\n      opacity: 1,\r\n      duration: 1,\r\n      ease: \"power2.out\",\r\n      delay: 0.5, \/\/ Aparece despu\u00e9s de cambiar la imagen\r\n      scrollTrigger: {\r\n        trigger: \".seccion-5-2\",\r\n        start: \"top 55%\",\r\n        toggleActions: \"play none none reverse\"\r\n      }\r\n    });\r\n\r\n    \/\/ \ud83d\udccc Aparici\u00f3n del texto despu\u00e9s del separador con opci\u00f3n de revertir\r\n    gsap.to(\".texto-branding5-2\", {\r\n      opacity: 1,\r\n      duration: 1,\r\n      ease: \"power2.out\",\r\n      scrollTrigger: {\r\n        trigger: \".separador5-2\", \/\/ Se activa despu\u00e9s del separador\r\n        start: \"top 50%\",\r\n        toggleActions: \"play none none reverse\" \/\/ \ud83d\udd39 Ahora desaparece al retroceder\r\n      }\r\n    });\r\n\r\n  });\r\n<\/script>\r\n\r\n\r\n\r\n\t\t\t\t<\/div>\n\t\t\t\t<\/div>\n\t\t\t\t<\/div>\n\t\t\t\t<\/div>\n\t\t<div class=\"elementor-element elementor-element-40e236d e-con-full e-flex e-con e-child\" data-id=\"40e236d\" data-element_type=\"container\" data-e-type=\"container\" data-settings=\"{&quot;background_background&quot;:&quot;classic&quot;}\">\n\t\t<div class=\"elementor-element elementor-element-d046f56 e-con-full e-flex e-con e-child\" data-id=\"d046f56\" data-element_type=\"container\" data-e-type=\"container\">\n\t\t\t\t<div class=\"elementor-element elementor-element-ee751cc elementor-widget__width-initial elementor-widget elementor-widget-text-editor\" data-id=\"ee751cc\" data-element_type=\"widget\" data-e-type=\"widget\" data-widget_type=\"text-editor.default\">\n\t\t\t\t<div class=\"elementor-widget-container\">\n\t\t\t\t\t\t\t\t\t<p>La cultura de marca no es un elemento decorativo: es el motor que gu\u00eda las decisiones, inspira a los equipos y conecta con las personas.<\/p>\t\t\t\t\t\t\t\t<\/div>\n\t\t\t\t<\/div>\n\t\t\t\t<div class=\"elementor-element elementor-element-50a5bb6 elementor-absolute elementor-widget elementor-widget-html\" data-id=\"50a5bb6\" data-element_type=\"widget\" data-e-type=\"widget\" data-settings=\"{&quot;_position&quot;:&quot;absolute&quot;}\" data-widget_type=\"html.default\">\n\t\t\t\t<div class=\"elementor-widget-container\">\n\t\t\t\t\t<div class=\"seccion-5-3\">\r\n    <div class=\"contenedor-logo5-3\">\r\n        <img decoding=\"async\" src=\"\/wp-content\/uploads\/2025\/02\/sec05-logo1.png\" alt=\"Logo Inicial\" class=\"logo-animado5-3\">\r\n        <div class=\"separador5-3\"><\/div>\r\n        <div class=\"texto-branding5-3\">\r\n            <p class=\"titulo-branding5-3\">CULTURA<br>DE MARCA<\/p>\r\n            <p class=\"texto-descripcion5-3\">\r\n Ayudamos a las organizaciones a construir una identidad coherente y consistente, capaz de perdurar en el tiempo y de adaptarse a los retos del futuro.\r\n            <\/p>\r\n        <\/div>\r\n    <\/div>\r\n<\/div>\r\n\r\n\r\n<script>\r\n  document.addEventListener(\"DOMContentLoaded\", function() {\r\n    gsap.registerPlugin(ScrollTrigger);\r\n\r\n    \/\/ \ud83d\udccc Cambio progresivo de la imagen\r\n    gsap.to(\".logo-animado5-3\", {\r\n      duration: 1.5,\r\n      ease: \"power2.out\",\r\n      scrollTrigger: {\r\n        trigger: \".seccion-5-3\",\r\n        start: \"top 60%\", \r\n        end: \"top 40%\",\r\n        toggleActions: \"play none none reverse\",\r\n        onEnter: () => cambiarImagen(\"\/wp-content\/uploads\/2025\/02\/sec05-logo2.png\"),\r\n        onLeaveBack: () => cambiarImagen(\"\/wp-content\/uploads\/2025\/02\/sec05-logo1.png\")\r\n      }\r\n    });\r\n\r\n    function cambiarImagen(nuevaImagen) {\r\n      document.querySelector(\".logo-animado5-3\").src = nuevaImagen;\r\n    }\r\n\r\n    \/\/ \ud83d\udccc Crecimiento del separador despu\u00e9s del cambio de imagen\r\n    gsap.to(\".separador5-3\", {\r\n      height: \"248px\", \/\/ \ud83d\udd39 Crece en altura\r\n      opacity: 1,\r\n      duration: 1,\r\n      ease: \"power2.out\",\r\n      delay: 0.5, \/\/ \ud83d\udd39 Aparece despu\u00e9s de cambiar la imagen\r\n      scrollTrigger: {\r\n        trigger: \".seccion-5-3\",\r\n        start: \"top 55%\",\r\n        toggleActions: \"play none none reverse\"\r\n      }\r\n    });\r\n\r\n    \/\/ \ud83d\udccc Aparici\u00f3n del texto despu\u00e9s del separador con opci\u00f3n de revertir\r\n    gsap.to(\".texto-branding5-3\", {\r\n      opacity: 1,\r\n      duration: 1,\r\n      ease: \"power2.out\",\r\n      scrollTrigger: {\r\n        trigger: \".separador5-3\", \/\/ Se activa despu\u00e9s del separador\r\n        start: \"top 50%\",\r\n        toggleActions: \"play none none reverse\" \/\/ \ud83d\udd39 Ahora desaparece al retroceder\r\n      }\r\n    });\r\n\r\n  });\r\n<\/script>\r\n\r\n\r\n\r\n\r\n\t\t\t\t<\/div>\n\t\t\t\t<\/div>\n\t\t\t\t<\/div>\n\t\t\t\t<\/div>\n\t\t\t\t<\/div>\n\t\t\t\t<\/div>\n\t\t","protected":false},"excerpt":{"rendered":"<p>Defendemos que una gesti\u00f3n creativa y profesional de la marca es la decisi\u00f3n m\u00e1s sostenible; ayuda a optimizar los recursos que se invierten en ella, consiguiendo m\u00e1s con menos. BRANDING Pouhaus es un espacio inspirador y colaborativo donde creadores, estrategas, consultores y responsables de marcas compartimos un mismo objetivo: definir, gestionar y activar profesionalmente cada [&hellip;]<\/p>\n","protected":false},"author":1,"featured_media":0,"parent":0,"menu_order":2,"comment_status":"closed","ping_status":"closed","template":"","meta":{"footnotes":""},"class_list":["post-894","page","type-page","status-publish","hentry"],"_links":{"self":[{"href":"https:\/\/www.pouhaus.com\/es\/wp-json\/wp\/v2\/pages\/894","targetHints":{"allow":["GET"]}}],"collection":[{"href":"https:\/\/www.pouhaus.com\/es\/wp-json\/wp\/v2\/pages"}],"about":[{"href":"https:\/\/www.pouhaus.com\/es\/wp-json\/wp\/v2\/types\/page"}],"author":[{"embeddable":true,"href":"https:\/\/www.pouhaus.com\/es\/wp-json\/wp\/v2\/users\/1"}],"replies":[{"embeddable":true,"href":"https:\/\/www.pouhaus.com\/es\/wp-json\/wp\/v2\/comments?post=894"}],"version-history":[{"count":6,"href":"https:\/\/www.pouhaus.com\/es\/wp-json\/wp\/v2\/pages\/894\/revisions"}],"predecessor-version":[{"id":1111,"href":"https:\/\/www.pouhaus.com\/es\/wp-json\/wp\/v2\/pages\/894\/revisions\/1111"}],"wp:attachment":[{"href":"https:\/\/www.pouhaus.com\/es\/wp-json\/wp\/v2\/media?parent=894"}],"curies":[{"name":"wp","href":"https:\/\/api.w.org\/{rel}","templated":true}]}}