{"id":897,"date":"2026-03-04T15:24:22","date_gmt":"2026-03-04T14:24:22","guid":{"rendered":"https:\/\/www.pouhaus.com\/manifiesto\/"},"modified":"2026-03-10T10:56:31","modified_gmt":"2026-03-10T09:56:31","slug":"manifiesto","status":"publish","type":"page","link":"https:\/\/www.pouhaus.com\/es\/manifiesto\/","title":{"rendered":"Manifiesto"},"content":{"rendered":"\t\t<div data-elementor-type=\"wp-page\" data-elementor-id=\"897\" class=\"elementor elementor-897 elementor-798\" data-elementor-post-type=\"page\">\n\t\t\t\t<div class=\"elementor-element elementor-element-b04f944 e-con-full modo_light e-flex e-con e-parent\" data-id=\"b04f944\" data-element_type=\"container\" data-e-type=\"container\" data-settings=\"{&quot;background_background&quot;:&quot;classic&quot;}\">\n\t\t<div class=\"elementor-element elementor-element-3fc47b6 e-con-full e-flex e-con e-child\" data-id=\"3fc47b6\" data-element_type=\"container\" data-e-type=\"container\">\n\t\t\t\t<div class=\"elementor-element elementor-element-de9b5b1 elementor-widget elementor-widget-text-editor\" data-id=\"de9b5b1\" data-element_type=\"widget\" data-e-type=\"widget\" data-widget_type=\"text-editor.default\">\n\t\t\t\t<div class=\"elementor-widget-container\">\n\t\t\t\t\t\t\t\t\t<p>Manifiesto<\/p>\t\t\t\t\t\t\t\t<\/div>\n\t\t\t\t<\/div>\n\t\t\t\t<\/div>\n\t\t<div class=\"elementor-element elementor-element-037001c e-con-full e-flex e-con e-child\" data-id=\"037001c\" data-element_type=\"container\" data-e-type=\"container\" data-settings=\"{&quot;background_background&quot;:&quot;classic&quot;}\">\n\t\t<div class=\"elementor-element elementor-element-8f80172 e-con-full e-flex e-con e-child\" data-id=\"8f80172\" data-element_type=\"container\" data-e-type=\"container\">\n\t\t<div class=\"elementor-element elementor-element-4e5fac7 e-con-full e-flex e-con e-child\" data-id=\"4e5fac7\" data-element_type=\"container\" data-e-type=\"container\">\n\t\t\t\t<div class=\"elementor-element elementor-element-c1fe3a0 elementor-widget__width-initial elementor-widget elementor-widget-text-editor\" data-id=\"c1fe3a0\" data-element_type=\"widget\" data-e-type=\"widget\" data-widget_type=\"text-editor.default\">\n\t\t\t\t<div class=\"elementor-widget-container\">\n\t\t\t\t\t\t\t\t\tLa colaboraci\u00f3n\t\t\t\t\t\t\t\t<\/div>\n\t\t\t\t<\/div>\n\t\t\t\t<div class=\"elementor-element elementor-element-07369ad elementor-widget__width-initial elementor-widget elementor-widget-text-editor\" data-id=\"07369ad\" data-element_type=\"widget\" data-e-type=\"widget\" data-widget_type=\"text-editor.default\">\n\t\t\t\t<div class=\"elementor-widget-container\">\n\t\t\t\t\t\t\t\t\t<p>es para el ma\u00f1ana<\/p>\t\t\t\t\t\t\t\t<\/div>\n\t\t\t\t<\/div>\n\t\t\t\t<div class=\"elementor-element elementor-element-79decd7 elementor-widget__width-initial elementor-widget elementor-widget-text-editor\" data-id=\"79decd7\" data-element_type=\"widget\" data-e-type=\"widget\" data-widget_type=\"text-editor.default\">\n\t\t\t\t<div class=\"elementor-widget-container\">\n\t\t\t\t\t\t\t\t\tPouhaus es un espacio inspirador y colaborativo donde creadores, estrategas, consultores y responsables de marcas compartimos un mismo objetivo: definir, gestionar y activar profesionalmente cada marca.\t\t\t\t\t\t\t\t<\/div>\n\t\t\t\t<\/div>\n\t\t\t\t<\/div>\n\t\t<div class=\"elementor-element elementor-element-9a03a1b e-con-full e-flex e-con e-child\" data-id=\"9a03a1b\" data-element_type=\"container\" data-e-type=\"container\">\n\t\t\t\t<div class=\"elementor-element elementor-element-87f6e8b elementor-widget__width-initial elementor-widget elementor-widget-text-editor\" data-id=\"87f6e8b\" data-element_type=\"widget\" data-e-type=\"widget\" data-widget_type=\"text-editor.default\">\n\t\t\t\t<div class=\"elementor-widget-container\">\n\t\t\t\t\t\t\t\t\tLa asertividad\t\t\t\t\t\t\t\t<\/div>\n\t\t\t\t<\/div>\n\t\t\t\t<div class=\"elementor-element elementor-element-5073a31 elementor-widget__width-initial elementor-widget elementor-widget-text-editor\" data-id=\"5073a31\" data-element_type=\"widget\" data-e-type=\"widget\" data-widget_type=\"text-editor.default\">\n\t\t\t\t<div class=\"elementor-widget-container\">\n\t\t\t\t\t\t\t\t\tes para el ma\u00f1ana\t\t\t\t\t\t\t\t<\/div>\n\t\t\t\t<\/div>\n\t\t\t\t<div class=\"elementor-element elementor-element-9686eda elementor-widget__width-initial elementor-widget elementor-widget-text-editor\" data-id=\"9686eda\" data-element_type=\"widget\" data-e-type=\"widget\" data-widget_type=\"text-editor.default\">\n\t\t\t\t<div class=\"elementor-widget-container\">\n\t\t\t\t\t\t\t\t\tEn cada proyecto, trasladamos nuestros conocimientos a los responsables de las marcas, transmitiendo cu\u00e1les ser\u00e1n los beneficios para sus empresas mientras les retamos a establecer planes de acci\u00f3n a largo plazo.\t\t\t\t\t\t\t\t<\/div>\n\t\t\t\t<\/div>\n\t\t\t\t<\/div>\n\t\t<div class=\"elementor-element elementor-element-dc6f575 e-con-full e-flex e-con e-child\" data-id=\"dc6f575\" data-element_type=\"container\" data-e-type=\"container\">\n\t\t\t\t<div class=\"elementor-element elementor-element-cc127f5 elementor-widget__width-initial elementor-widget elementor-widget-text-editor\" data-id=\"cc127f5\" data-element_type=\"widget\" data-e-type=\"widget\" data-widget_type=\"text-editor.default\">\n\t\t\t\t<div class=\"elementor-widget-container\">\n\t\t\t\t\t\t\t\t\tLa consistencia\n\t\t\t\t\t\t\t\t<\/div>\n\t\t\t\t<\/div>\n\t\t\t\t<div class=\"elementor-element elementor-element-f51f661 elementor-widget__width-initial elementor-widget elementor-widget-text-editor\" data-id=\"f51f661\" data-element_type=\"widget\" data-e-type=\"widget\" data-widget_type=\"text-editor.default\">\n\t\t\t\t<div class=\"elementor-widget-container\">\n\t\t\t\t\t\t\t\t\tes para el ma\u00f1ana\t\t\t\t\t\t\t\t<\/div>\n\t\t\t\t<\/div>\n\t\t\t\t<div class=\"elementor-element elementor-element-4dd77fb elementor-widget__width-initial elementor-widget elementor-widget-text-editor\" data-id=\"4dd77fb\" data-element_type=\"widget\" data-e-type=\"widget\" data-widget_type=\"text-editor.default\">\n\t\t\t\t<div class=\"elementor-widget-container\">\n\t\t\t\t\t\t\t\t\tSabemos que la planificaci\u00f3n da paso a la coherencia, la coherencia a la consistencia y la consistencia a la supervivencia. Todo universo de marca que admiramos es el resultado de un largo camino, cuya ruta no incluye atajos.\t\t\t\t\t\t\t\t<\/div>\n\t\t\t\t<\/div>\n\t\t\t\t<\/div>\n\t\t<div class=\"elementor-element elementor-element-01fcbf6 e-con-full e-flex e-con e-child\" data-id=\"01fcbf6\" data-element_type=\"container\" data-e-type=\"container\">\n\t\t\t\t<div class=\"elementor-element elementor-element-5b1b04b elementor-widget__width-initial elementor-widget elementor-widget-text-editor\" data-id=\"5b1b04b\" data-element_type=\"widget\" data-e-type=\"widget\" data-widget_type=\"text-editor.default\">\n\t\t\t\t<div class=\"elementor-widget-container\">\n\t\t\t\t\t\t\t\t\tLa eficiencia\t\t\t\t\t\t\t\t<\/div>\n\t\t\t\t<\/div>\n\t\t\t\t<div class=\"elementor-element elementor-element-679d91e elementor-widget__width-initial elementor-widget elementor-widget-text-editor\" data-id=\"679d91e\" data-element_type=\"widget\" data-e-type=\"widget\" data-widget_type=\"text-editor.default\">\n\t\t\t\t<div class=\"elementor-widget-container\">\n\t\t\t\t\t\t\t\t\tes para el ma\u00f1ana\t\t\t\t\t\t\t\t<\/div>\n\t\t\t\t<\/div>\n\t\t\t\t<div class=\"elementor-element elementor-element-24be552 elementor-widget__width-initial elementor-widget elementor-widget-text-editor\" data-id=\"24be552\" data-element_type=\"widget\" data-e-type=\"widget\" data-widget_type=\"text-editor.default\">\n\t\t\t\t<div class=\"elementor-widget-container\">\n\t\t\t\t\t\t\t\t\tDefendemos que una gesti\u00f3n creativa y profesional de la marca es la decisi\u00f3n m\u00e1s sostenible; ayuda a optimizar los recursos que se invierten en ella, consiguiendo m\u00e1s con menos.\t\t\t\t\t\t\t\t<\/div>\n\t\t\t\t<\/div>\n\t\t\t\t<\/div>\n\t\t<div class=\"elementor-element elementor-element-94e0bfa e-con-full e-flex e-con e-child\" data-id=\"94e0bfa\" data-element_type=\"container\" data-e-type=\"container\">\n\t\t\t\t<div class=\"elementor-element elementor-element-1916911 elementor-widget__width-initial elementor-widget elementor-widget-text-editor\" data-id=\"1916911\" data-element_type=\"widget\" data-e-type=\"widget\" data-widget_type=\"text-editor.default\">\n\t\t\t\t<div class=\"elementor-widget-container\">\n\t\t\t\t\t\t\t\t\tLa relevancia\t\t\t\t\t\t\t\t<\/div>\n\t\t\t\t<\/div>\n\t\t\t\t<div class=\"elementor-element elementor-element-d478925 elementor-widget__width-initial elementor-widget elementor-widget-text-editor\" data-id=\"d478925\" data-element_type=\"widget\" data-e-type=\"widget\" data-widget_type=\"text-editor.default\">\n\t\t\t\t<div class=\"elementor-widget-container\">\n\t\t\t\t\t\t\t\t\tes para el ma\u00f1ana\t\t\t\t\t\t\t\t<\/div>\n\t\t\t\t<\/div>\n\t\t\t\t<div class=\"elementor-element elementor-element-8a93721 elementor-widget__width-initial elementor-widget elementor-widget-text-editor\" data-id=\"8a93721\" data-element_type=\"widget\" data-e-type=\"widget\" data-widget_type=\"text-editor.default\">\n\t\t\t\t<div class=\"elementor-widget-container\">\n\t\t\t\t\t\t\t\t\tTodo ello gracias a la pasi\u00f3n de todos nuestros colaboradores por crear marcas que conecten profundamente con sus audiencias, perdurando as\u00ed en un contexto que avanza cada d\u00eda.\t\t\t\t\t\t\t\t<\/div>\n\t\t\t\t<\/div>\n\t\t\t\t<\/div>\n\t\t\t\t<\/div>\n\t\t\t\t<\/div>\n\t\t\t\t<\/div>\n\t\t\t\t<\/div>\n\t\t","protected":false},"excerpt":{"rendered":"<p>Manifiesto La colaboraci\u00f3n es para el ma\u00f1ana Pouhaus es un espacio inspirador y colaborativo donde creadores, estrategas, consultores y responsables de marcas compartimos un mismo objetivo: definir, gestionar y activar profesionalmente cada marca.La asertividades para el ma\u00f1anaEn cada proyecto, trasladamos nuestros conocimientos a los responsables de las marcas, transmitiendo cu\u00e1les ser\u00e1n los beneficios para sus [&hellip;]<\/p>\n","protected":false},"author":1,"featured_media":0,"parent":0,"menu_order":3,"comment_status":"closed","ping_status":"closed","template":"","meta":{"footnotes":""},"class_list":["post-897","page","type-page","status-publish","hentry"],"_links":{"self":[{"href":"https:\/\/www.pouhaus.com\/es\/wp-json\/wp\/v2\/pages\/897","targetHints":{"allow":["GET"]}}],"collection":[{"href":"https:\/\/www.pouhaus.com\/es\/wp-json\/wp\/v2\/pages"}],"about":[{"href":"https:\/\/www.pouhaus.com\/es\/wp-json\/wp\/v2\/types\/page"}],"author":[{"embeddable":true,"href":"https:\/\/www.pouhaus.com\/es\/wp-json\/wp\/v2\/users\/1"}],"replies":[{"embeddable":true,"href":"https:\/\/www.pouhaus.com\/es\/wp-json\/wp\/v2\/comments?post=897"}],"version-history":[{"count":7,"href":"https:\/\/www.pouhaus.com\/es\/wp-json\/wp\/v2\/pages\/897\/revisions"}],"predecessor-version":[{"id":1110,"href":"https:\/\/www.pouhaus.com\/es\/wp-json\/wp\/v2\/pages\/897\/revisions\/1110"}],"wp:attachment":[{"href":"https:\/\/www.pouhaus.com\/es\/wp-json\/wp\/v2\/media?parent=897"}],"curies":[{"name":"wp","href":"https:\/\/api.w.org\/{rel}","templated":true}]}}