{"id":903,"date":"2026-03-04T15:19:38","date_gmt":"2026-03-04T14:19:38","guid":{"rendered":"https:\/\/www.pouhaus.com\/espacios\/"},"modified":"2026-03-10T10:56:30","modified_gmt":"2026-03-10T09:56:30","slug":"espacios","status":"publish","type":"page","link":"https:\/\/www.pouhaus.com\/es\/espacios\/","title":{"rendered":"Espacios"},"content":{"rendered":"\t\t<div data-elementor-type=\"wp-page\" data-elementor-id=\"903\" class=\"elementor elementor-903 elementor-790\" data-elementor-post-type=\"page\">\n\t\t\t\t<div class=\"elementor-element elementor-element-4c6ed1a modo_light e-flex e-con-boxed e-con e-parent\" data-id=\"4c6ed1a\" data-element_type=\"container\" data-e-type=\"container\" data-settings=\"{&quot;background_background&quot;:&quot;classic&quot;}\">\n\t\t\t\t\t<div class=\"e-con-inner\">\n\t\t<div class=\"elementor-element elementor-element-3e00fe2 e-con-full e-flex e-con e-child\" data-id=\"3e00fe2\" data-element_type=\"container\" data-e-type=\"container\">\n\t\t\t\t<div class=\"elementor-element elementor-element-e496922 elementor-widget elementor-widget-text-editor\" data-id=\"e496922\" data-element_type=\"widget\" data-e-type=\"widget\" data-widget_type=\"text-editor.default\">\n\t\t\t\t<div class=\"elementor-widget-container\">\n\t\t\t\t\t\t\t\t\tEspacios\t\t\t\t\t\t\t\t<\/div>\n\t\t\t\t<\/div>\n\t\t\t\t<\/div>\n\t\t<div class=\"elementor-element elementor-element-6b86f3f e-con-full e-flex e-con e-child\" data-id=\"6b86f3f\" data-element_type=\"container\" data-e-type=\"container\">\n\t\t<div class=\"elementor-element elementor-element-8d90e01 e-con-full e-flex e-con e-child\" data-id=\"8d90e01\" data-element_type=\"container\" data-e-type=\"container\">\n\t\t\t\t<div class=\"elementor-element elementor-element-aceba93 elementor-widget elementor-widget-image\" data-id=\"aceba93\" data-element_type=\"widget\" data-e-type=\"widget\" data-widget_type=\"image.default\">\n\t\t\t\t<div class=\"elementor-widget-container\">\n\t\t\t\t\t\t\t\t\t\t\t\t\t\t\t<img fetchpriority=\"high\" decoding=\"async\" width=\"1440\" height=\"1080\" src=\"https:\/\/www.pouhaus.com\/wp-content\/uploads\/2026\/03\/Pouhaus_sala-grande-1.jpg\" class=\"attachment-full size-full wp-image-941\" alt=\"Pouhaus - espai LA DIAFANA\" srcset=\"https:\/\/www.pouhaus.com\/wp-content\/uploads\/2026\/03\/Pouhaus_sala-grande-1.jpg 1440w, https:\/\/www.pouhaus.com\/wp-content\/uploads\/2026\/03\/Pouhaus_sala-grande-1-300x225.jpg 300w, https:\/\/www.pouhaus.com\/wp-content\/uploads\/2026\/03\/Pouhaus_sala-grande-1-1024x768.jpg 1024w, https:\/\/www.pouhaus.com\/wp-content\/uploads\/2026\/03\/Pouhaus_sala-grande-1-768x576.jpg 768w\" sizes=\"(max-width: 1440px) 100vw, 1440px\" \/>\t\t\t\t\t\t\t\t\t\t\t\t\t\t\t<\/div>\n\t\t\t\t<\/div>\n\t\t\t\t<div class=\"elementor-element elementor-element-c17a31c elementor-widget__width-initial elementor-absolute elementor-widget elementor-widget-text-editor\" data-id=\"c17a31c\" data-element_type=\"widget\" data-e-type=\"widget\" data-settings=\"{&quot;_position&quot;:&quot;absolute&quot;}\" data-widget_type=\"text-editor.default\">\n\t\t\t\t<div class=\"elementor-widget-container\">\n\t\t\t\t\t\t\t\t\tZonas de trabajo y salas de reuniones en un ambiente sofisticado de est\u00e9tica industrial, pensadas para colaborar y presentar con inspiraci\u00f3n.\t\t\t\t\t\t\t\t<\/div>\n\t\t\t\t<\/div>\n\t\t\t\t<\/div>\n\t\t\t\t<\/div>\n\t\t<div class=\"elementor-element elementor-element-e80b3a5 e-con-full e-flex e-con e-child\" data-id=\"e80b3a5\" data-element_type=\"container\" data-e-type=\"container\">\n\t\t<div class=\"elementor-element elementor-element-a8b6eb0 e-con-full e-flex e-con e-child\" data-id=\"a8b6eb0\" data-element_type=\"container\" data-e-type=\"container\">\n\t\t\t\t<div class=\"elementor-element elementor-element-940e315 elementor-widget elementor-widget-image\" data-id=\"940e315\" data-element_type=\"widget\" data-e-type=\"widget\" data-widget_type=\"image.default\">\n\t\t\t\t<div class=\"elementor-widget-container\">\n\t\t\t\t\t\t\t\t\t\t\t\t\t\t\t<img decoding=\"async\" width=\"1440\" height=\"1080\" src=\"https:\/\/www.pouhaus.com\/wp-content\/uploads\/2026\/03\/240314_VB_Espacios-Alquiler_111_v1_RGB_1080px.jpg\" class=\"attachment-full size-full wp-image-947\" alt=\"\" srcset=\"https:\/\/www.pouhaus.com\/wp-content\/uploads\/2026\/03\/240314_VB_Espacios-Alquiler_111_v1_RGB_1080px.jpg 1440w, https:\/\/www.pouhaus.com\/wp-content\/uploads\/2026\/03\/240314_VB_Espacios-Alquiler_111_v1_RGB_1080px-300x225.jpg 300w, https:\/\/www.pouhaus.com\/wp-content\/uploads\/2026\/03\/240314_VB_Espacios-Alquiler_111_v1_RGB_1080px-1024x768.jpg 1024w, https:\/\/www.pouhaus.com\/wp-content\/uploads\/2026\/03\/240314_VB_Espacios-Alquiler_111_v1_RGB_1080px-768x576.jpg 768w\" sizes=\"(max-width: 1440px) 100vw, 1440px\" \/>\t\t\t\t\t\t\t\t\t\t\t\t\t\t\t<\/div>\n\t\t\t\t<\/div>\n\t\t\t\t<div class=\"elementor-element elementor-element-798d08a elementor-widget__width-initial elementor-absolute elementor-widget elementor-widget-text-editor\" data-id=\"798d08a\" data-element_type=\"widget\" data-e-type=\"widget\" data-settings=\"{&quot;_position&quot;:&quot;absolute&quot;}\" data-widget_type=\"text-editor.default\">\n\t\t\t\t<div class=\"elementor-widget-container\">\n\t\t\t\t\t\t\t\t\tEstudio fotogr\u00e1fico profesional equipado para sesiones de producci\u00f3n de marca: fotograf\u00eda de producto, retratos corporativos y contenido visual de alta calidad.\t\t\t\t\t\t\t\t<\/div>\n\t\t\t\t<\/div>\n\t\t\t\t<\/div>\n\t\t\t\t<\/div>\n\t\t\t\t\t<\/div>\n\t\t\t\t<\/div>\n\t\t<div class=\"elementor-element elementor-element-0b09460 e-flex e-con-boxed e-con e-parent\" data-id=\"0b09460\" data-element_type=\"container\" data-e-type=\"container\" data-settings=\"{&quot;background_background&quot;:&quot;classic&quot;}\">\n\t\t\t\t\t<div class=\"e-con-inner\">\n\t\t\t\t<div class=\"elementor-element elementor-element-7fa2fce elementor-widget elementor-widget-text-editor\" data-id=\"7fa2fce\" data-element_type=\"widget\" data-e-type=\"widget\" data-widget_type=\"text-editor.default\">\n\t\t\t\t<div class=\"elementor-widget-container\">\n\t\t\t\t\t\t\t\t\t<p><a href=\"https:\/\/spathios.com\/es\/listings\/9626\" target=\"_blank\" rel=\"noopener\">Lloga aqu\u00ed<\/a> el nostre espai per a sessions fotogr\u00e0fiques i rodatges.<\/p>\t\t\t\t\t\t\t\t<\/div>\n\t\t\t\t<\/div>\n\t\t\t\t\t<\/div>\n\t\t\t\t<\/div>\n\t\t\t\t<\/div>\n\t\t","protected":false},"excerpt":{"rendered":"<p>Espacios Zonas de trabajo y salas de reuniones en un ambiente sofisticado de est\u00e9tica industrial, pensadas para colaborar y presentar con inspiraci\u00f3n. Estudio fotogr\u00e1fico profesional equipado para sesiones de producci\u00f3n de marca: fotograf\u00eda de producto, retratos corporativos y contenido visual de alta calidad. Lloga aqu\u00ed el nostre espai per a sessions fotogr\u00e0fiques i rodatges.<\/p>\n","protected":false},"author":1,"featured_media":0,"parent":0,"menu_order":5,"comment_status":"closed","ping_status":"closed","template":"","meta":{"footnotes":""},"class_list":["post-903","page","type-page","status-publish","hentry"],"_links":{"self":[{"href":"https:\/\/www.pouhaus.com\/es\/wp-json\/wp\/v2\/pages\/903","targetHints":{"allow":["GET"]}}],"collection":[{"href":"https:\/\/www.pouhaus.com\/es\/wp-json\/wp\/v2\/pages"}],"about":[{"href":"https:\/\/www.pouhaus.com\/es\/wp-json\/wp\/v2\/types\/page"}],"author":[{"embeddable":true,"href":"https:\/\/www.pouhaus.com\/es\/wp-json\/wp\/v2\/users\/1"}],"replies":[{"embeddable":true,"href":"https:\/\/www.pouhaus.com\/es\/wp-json\/wp\/v2\/comments?post=903"}],"version-history":[{"count":18,"href":"https:\/\/www.pouhaus.com\/es\/wp-json\/wp\/v2\/pages\/903\/revisions"}],"predecessor-version":[{"id":1109,"href":"https:\/\/www.pouhaus.com\/es\/wp-json\/wp\/v2\/pages\/903\/revisions\/1109"}],"wp:attachment":[{"href":"https:\/\/www.pouhaus.com\/es\/wp-json\/wp\/v2\/media?parent=903"}],"curies":[{"name":"wp","href":"https:\/\/api.w.org\/{rel}","templated":true}]}}