{"id":910,"date":"2026-03-04T15:21:56","date_gmt":"2026-03-04T14:21:56","guid":{"rendered":"https:\/\/www.pouhaus.com\/declaracion-de-accesibilidad\/"},"modified":"2026-03-10T10:58:19","modified_gmt":"2026-03-10T09:58:19","slug":"declaracion-de-accesibilidad","status":"publish","type":"page","link":"https:\/\/www.pouhaus.com\/es\/declaracion-de-accesibilidad\/","title":{"rendered":"Declaraci\u00f3n de accesibilidad"},"content":{"rendered":"\t\t<div data-elementor-type=\"wp-page\" data-elementor-id=\"910\" class=\"elementor elementor-910 elementor-794\" data-elementor-post-type=\"page\">\n\t\t\t\t<div class=\"elementor-element elementor-element-c31abe8 e-flex e-con-boxed e-con e-parent\" data-id=\"c31abe8\" data-element_type=\"container\" data-e-type=\"container\" data-settings=\"{&quot;background_background&quot;:&quot;classic&quot;}\">\n\t\t\t\t\t<div class=\"e-con-inner\">\n\t\t\t\t<div class=\"elementor-element elementor-element-dde9480 elementor-widget elementor-widget-heading\" data-id=\"dde9480\" data-element_type=\"widget\" data-e-type=\"widget\" data-widget_type=\"heading.default\">\n\t\t\t\t<div class=\"elementor-widget-container\">\n\t\t\t\t\t<h2 class=\"elementor-heading-title elementor-size-default\">Declaraci\u00f3n de accesibilidad<\/h2>\t\t\t\t<\/div>\n\t\t\t\t<\/div>\n\t\t\t\t<div class=\"elementor-element elementor-element-f6d68db elementor-widget elementor-widget-text-editor\" data-id=\"f6d68db\" data-element_type=\"widget\" data-e-type=\"widget\" data-widget_type=\"text-editor.default\">\n\t\t\t\t<div class=\"elementor-widget-container\">\n\t\t\t\t\t\t\t\t\t<p class=\"font-claude-response-body break-words whitespace-normal leading-[1.7]\">Vibranding Design SL se ha comprometido a hacer accesible sus sitios web de conformidad con el Real decreto 1112\/2018, de 7 de septiembre, sobre accesibilidad de los sitios web y aplicaciones para dispositivos m\u00f3viles del sector p\u00fablico (en adelante, RD 1112\/2018, de 7 de septiembre).<\/p><p class=\"font-claude-response-body break-words whitespace-normal leading-[1.7]\">La presente declaraci\u00f3n de accesibilidad se aplica en el sitio web <a class=\"underline underline underline-offset-2 decoration-1 decoration-current\/40 hover:decoration-current focus:decoration-current\" href=\"https:\/\/www.pouhaus.com\/es\/\">https:\/\/www.pouhaus.com\/<\/a>, excluyendo los contenidos incrustados provenientes de otros dominios.<\/p><p class=\"font-claude-response-body break-words whitespace-normal leading-[1.7]\"><strong>Situaci\u00f3n de cumplimiento<\/strong><\/p><p class=\"font-claude-response-body break-words whitespace-normal leading-[1.7]\">Este sitio web es parcialmente conforme al RD 1112\/2018, de 7 de septiembre, debido a las excepciones ya la falta de conformidad de los aspectos que se indican a continuaci\u00f3n.<\/p><p class=\"font-claude-response-body break-words whitespace-normal leading-[1.7]\"><strong>Contenido no accesible<\/strong><\/p><p class=\"font-claude-response-body break-words whitespace-normal leading-[1.7]\">El contenido que se recoge a continuaci\u00f3n no es accesible por lo siguiente:<\/p><p class=\"font-claude-response-body break-words whitespace-normal leading-[1.7]\">1.- Falta de conformidad con RD 1112\/2018:<\/p><ul class=\"[li_&amp;]:mb-0 [li_&amp;]:mt-1 [li_&amp;]:gap-1 [&amp;:not(:last-child)_ul]:pb-1 [&amp;:not(:last-child)_ol]:pb-1 list-disc flex flex-col gap-1 pl-8 mb-3\"><li class=\"whitespace-normal break-words pl-2\">Debido a que se utiliza un gestor de contenidos y existen diferentes usuarios actualizando y creando contenidos nuevos, podr\u00edan existir fallos puntuales de edici\u00f3n en alguna p\u00e1gina web, tanto en contenidos HTML como en documentos finales. Sin embargo, existe el compromiso de revisi\u00f3n peri\u00f3dica y de solucionar los problemas notificados por los usuarios.<\/li><li class=\"whitespace-normal break-words pl-2\">Puede haber contenido externo, como los componentes de Facebook, Twitter, YouTube o Google Maps, que no cumplen por completo con los criterios de accesibilidad.<\/li><li class=\"whitespace-normal break-words pl-2\">Puede haber alguna p\u00e1gina donde parte del contenido puede presentarse con p\u00e9rdida de informaci\u00f3n o funcionalidad, necesitando realizar scroll en dos dimensiones [criterio de \u00e9xito 1.4.10].<\/li><\/ul><p class=\"font-claude-response-body break-words whitespace-normal leading-[1.7]\">2.- Carga desproporcionada: No aplica<\/p><p class=\"font-claude-response-body break-words whitespace-normal leading-[1.7]\">3.- El contenido no entra dentro del \u00e1mbito de la legislaci\u00f3n aplicable: podr\u00edan existir archivos ofim\u00e1ticos en PDF u otros formatos publicados antes del 20 de septiembre de 2018 que no cumplan \u00edntegramente todos los requisitos de accesibilidad.<\/p><p class=\"font-claude-response-body break-words whitespace-normal leading-[1.7]\"><strong>Preparaci\u00f3n de la presente declaraci\u00f3n de accesibilidad<\/strong><\/p><p class=\"font-claude-response-body break-words whitespace-pre-wrap leading-[1.7]\">La presente declaraci\u00f3n fue preparada el 4 de marzo de 2026 El m\u00e9todo empleado para preparar la declaraci\u00f3n ha sido una autoevaluaci\u00f3n llevada a cabo por el responsable de accesibilidad. \u00daltima revisi\u00f3n de la declaraci\u00f3n: 4 de marzo de 2026.<\/p><p class=\"font-claude-response-body break-words whitespace-normal leading-[1.7]\"><strong>Observaciones y datos de contacto<\/strong><\/p><p class=\"font-claude-response-body break-words whitespace-normal leading-[1.7]\">Puede realizar comunicaciones sobre requisitos de accesibilidad (art\u00edculo 10.2.a) del Real Decreto 1112\/2018, de 7 de septiembre) como, por ejemplo:<\/p><ul class=\"[li_&amp;]:mb-0 [li_&amp;]:mt-1 [li_&amp;]:gap-1 [&amp;:not(:last-child)_ul]:pb-1 [&amp;:not(:last-child)_ol]:pb-1 list-disc flex flex-col gap-1 pl-8 mb-3\"><li class=\"whitespace-normal break-words pl-2\">Informar sobre cualquier posible incumplimiento por parte de este sitio web.<\/li><li class=\"whitespace-normal break-words pl-2\">Transmitir otras dificultades de acceso al contenido.<\/li><li class=\"whitespace-normal break-words pl-2\">Formular cualquier otra consulta o sugerencia de mejora relativa a la accesibilidad del sitio web.<\/li><\/ul><p class=\"font-claude-response-body break-words whitespace-normal leading-[1.7]\">Utilizando las siguientes v\u00edas:<\/p><ul class=\"[li_&amp;]:mb-0 [li_&amp;]:mt-1 [li_&amp;]:gap-1 [&amp;:not(:last-child)_ul]:pb-1 [&amp;:not(:last-child)_ol]:pb-1 list-disc flex flex-col gap-1 pl-8 mb-3\"><li class=\"whitespace-normal break-words pl-2\">Formulario de contacto de la p\u00e1gina web<\/li><li class=\"whitespace-normal break-words pl-2\">Correo electr\u00f3nico: <a class=\"underline underline underline-offset-2 decoration-1 decoration-current\/40 hover:decoration-current focus:decoration-current\" href=\"mailto:hola@vibranding.com\">hola@vibranding.com<\/a><\/li><\/ul><p class=\"font-claude-response-body break-words whitespace-normal leading-[1.7]\"><strong>Procedimiento de aplicaci\u00f3n<\/strong><\/p><p class=\"font-claude-response-body break-words whitespace-normal leading-[1.7]\">A trav\u00e9s de este procedimiento podr\u00e1 iniciar una reclamaci\u00f3n para conocer y oponerse a los motivos de la desestimaci\u00f3n de una solicitud de informaci\u00f3n accesible o queja, instar la adopci\u00f3n de las medidas oportunas en caso de no estar de acuerdo con la decisi\u00f3n adoptada, o exponer las razones por las que se considera que la respuesta no cumple con los requisitos exigidos.<\/p><p class=\"font-claude-response-body break-words whitespace-normal leading-[1.7]\">Formulario de contacto<\/p><p class=\"font-claude-response-body break-words whitespace-normal leading-[1.7]\"><strong>Contenido opcional<\/strong><\/p><p class=\"font-claude-response-body break-words whitespace-pre-wrap leading-[1.7]\">La versi\u00f3n actualmente visible de este sitio web es de marzo de 2026. A partir de esa fecha se llevan a cabo revisiones parciales de los contenidos, tanto de las plantillas como de las p\u00e1ginas y documentos finales publicados, a fin de asegurar el cumplimiento de los requerimientos de accesibilidad que actualmente son los de AA de la norma WCAG 2.1, considerando las excepciones del Real Decreto 1112\/2018, de 7 de septiembre.<\/p><p class=\"font-claude-response-body break-words whitespace-normal leading-[1.7]\"><strong>Tama\u00f1o del texto<\/strong><\/p><p class=\"font-claude-response-body break-words whitespace-normal leading-[1.7]\">Con el fin de prestar un mejor servicio, Vibranding Design SL almacena en el ordenador del Usuario peque\u00f1os archivos de informaci\u00f3n denominados cookies. Para m\u00e1s informaci\u00f3n sobre las cookies y su configuraci\u00f3n acceda a nuestra Pol\u00edtica de Cookies.<\/p><p class=\"font-claude-response-body break-words whitespace-pre-wrap leading-[1.7]\">Google Chrome \/ Edge: Abrir men\u00fa &gt; Zoom Mozilla Firefox: Abrir men\u00fa &gt; Tama\u00f1o Internet Explorer: Ver &gt; Tama\u00f1o de texto &gt; Gran o Molt Gran Opera: Ver &gt; Zoom &gt; % Safari: Ver &gt; Hacer texto mayor<\/p>\t\t\t\t\t\t\t\t<\/div>\n\t\t\t\t<\/div>\n\t\t\t\t\t<\/div>\n\t\t\t\t<\/div>\n\t\t\t\t<\/div>\n\t\t","protected":false},"excerpt":{"rendered":"<p>Declaraci\u00f3n de accesibilidad Vibranding Design SL se ha comprometido a hacer accesible sus sitios web de conformidad con el Real decreto 1112\/2018, de 7 de septiembre, sobre accesibilidad de los sitios web y aplicaciones para dispositivos m\u00f3viles del sector p\u00fablico (en adelante, RD 1112\/2018, de 7 de septiembre). La presente declaraci\u00f3n de accesibilidad se aplica [&hellip;]<\/p>\n","protected":false},"author":1,"featured_media":0,"parent":0,"menu_order":90,"comment_status":"closed","ping_status":"closed","template":"","meta":{"footnotes":""},"class_list":["post-910","page","type-page","status-publish","hentry"],"_links":{"self":[{"href":"https:\/\/www.pouhaus.com\/es\/wp-json\/wp\/v2\/pages\/910","targetHints":{"allow":["GET"]}}],"collection":[{"href":"https:\/\/www.pouhaus.com\/es\/wp-json\/wp\/v2\/pages"}],"about":[{"href":"https:\/\/www.pouhaus.com\/es\/wp-json\/wp\/v2\/types\/page"}],"author":[{"embeddable":true,"href":"https:\/\/www.pouhaus.com\/es\/wp-json\/wp\/v2\/users\/1"}],"replies":[{"embeddable":true,"href":"https:\/\/www.pouhaus.com\/es\/wp-json\/wp\/v2\/comments?post=910"}],"version-history":[{"count":2,"href":"https:\/\/www.pouhaus.com\/es\/wp-json\/wp\/v2\/pages\/910\/revisions"}],"predecessor-version":[{"id":1041,"href":"https:\/\/www.pouhaus.com\/es\/wp-json\/wp\/v2\/pages\/910\/revisions\/1041"}],"wp:attachment":[{"href":"https:\/\/www.pouhaus.com\/es\/wp-json\/wp\/v2\/media?parent=910"}],"curies":[{"name":"wp","href":"https:\/\/api.w.org\/{rel}","templated":true}]}}