{"id":914,"date":"2026-03-04T15:02:29","date_gmt":"2026-03-04T14:02:29","guid":{"rendered":"https:\/\/www.pouhaus.com\/aviso-legal\/"},"modified":"2026-03-10T10:58:18","modified_gmt":"2026-03-10T09:58:18","slug":"aviso-legal","status":"publish","type":"page","link":"https:\/\/www.pouhaus.com\/es\/aviso-legal\/","title":{"rendered":"Aviso legal"},"content":{"rendered":"\t\t<div data-elementor-type=\"wp-page\" data-elementor-id=\"914\" class=\"elementor elementor-914 elementor-776\" data-elementor-post-type=\"page\">\n\t\t\t\t<div class=\"elementor-element elementor-element-6918efd e-flex e-con-boxed e-con e-parent\" data-id=\"6918efd\" data-element_type=\"container\" data-e-type=\"container\" data-settings=\"{&quot;background_background&quot;:&quot;classic&quot;}\">\n\t\t\t\t\t<div class=\"e-con-inner\">\n\t\t\t\t<div class=\"elementor-element elementor-element-ea42f3d elementor-widget elementor-widget-heading\" data-id=\"ea42f3d\" data-element_type=\"widget\" data-e-type=\"widget\" data-widget_type=\"heading.default\">\n\t\t\t\t<div class=\"elementor-widget-container\">\n\t\t\t\t\t<h2 class=\"elementor-heading-title elementor-size-default\">Aviso legal<\/h2>\t\t\t\t<\/div>\n\t\t\t\t<\/div>\n\t\t\t\t<div class=\"elementor-element elementor-element-b40efe9 elementor-widget elementor-widget-text-editor\" data-id=\"b40efe9\" data-element_type=\"widget\" data-e-type=\"widget\" data-widget_type=\"text-editor.default\">\n\t\t\t\t<div class=\"elementor-widget-container\">\n\t\t\t\t\t\t\t\t\t<p>Vibranding Design SL (en adelante, <strong>Vibranding<\/strong>) en cumplimiento de la Ley 34\/2002, de 11 de julio, de Servicios de la Sociedad de la Informaci\u00f3n y de Comercio Electr\u00f3nico, le informa que es el titular de la web www.vibranding.com.<\/p><p>De acuerdo con el art\u00edculo 10 de la misma ley tambi\u00e9n se informa de los siguientes datos:<\/p><p>Su denominaci\u00f3n social es:<br>Vibranding Design SL<\/p><p>Su CIF es:<br>B66805573<\/p><p>Su domicilio social se encuentra en:<br>C\/ Llevant 20, bajos, Granollers (CP: 08402)<\/p><p>Se encuentra inscrita en el Registro Mercantil de Barcelona, en el tomo 45466, folio 0014, hoja 488767, inscripci\u00f3n 1\u00aa.<\/p><p>La direcci\u00f3n de correo electr\u00f3nico de contacto es:<br><a href=\"mailto:hola@vibranding.com\">hola@vibranding.com<\/a><\/p><h3>Condiciones de uso<\/h3><p>El acceso y uso del sitio web <a href=\"https:\/\/www.vibranding.com\/\">www.vibranding.com<\/a> otorga la condici\u00f3n de Usuario al visitante de la Web e implica la total aceptaci\u00f3n sin reservas por parte del Usuario de estas condiciones de uso. En caso de no aceptaci\u00f3n, rogamos no utilice la Web. <\/p><h3>Obligaciones de los usuarios<\/h3><p>Con car\u00e1cter general los Usuarios deber\u00e1n obrar siempre conforme a la ley, las buenas costumbres y las exigencias de la buena fe, empleando la diligencia debida y absteni\u00e9ndose de utilizar la Web de cualquier forma que pueda impedir, da\u00f1ar o deteriorar el normal funcionamiento de la Web, los bienes o derechos de <strong>Vibranding<\/strong>, sus proveedores, el resto de usuarios o en general de cualquier tercero.<\/p><p>Concretamente, y sin que ello implique restricci\u00f3n alguna al apartado anterior, durante el uso de la Web, el Usuario est\u00e1 obligado a:<\/p><p>a) Facilitar informaci\u00f3n veraz sobre los datos solicitados en el formulario de registro o de realizaci\u00f3n del pedido, y mantenerlos actualizados.<\/p><p>b) No introducir, almacenar o difundir en o desde la Web, cualquier informaci\u00f3n o material que fuera difamatorio, injurioso, obsceno, amenazador, xen\u00f3fobo, incite a la violencia, a la discriminaci\u00f3n por raz\u00f3n de raza, sexo, ideolog\u00eda, religi\u00f3n o que de cualquier forma atente contra la moral, el orden p\u00fablico, los derechos fundamentales, las libertades p\u00fablicas, el honor, la intimidad o la imagen de terceros y en general la normativa vigente.<\/p><p>c) No introducir, almacenar o difundir mediante la Web ning\u00fan programa, datos, virus, c\u00f3digo, o cualquier otro dispositivo electr\u00f3nico o f\u00edsico que sea susceptible de causar da\u00f1os en la Web, en cualquiera de los servicios, o en cualquiera de los equipos, sistemas o redes de <strong>Vibranding<\/strong>, de cualquier otro usuario, de los proveedores de <strong>Vibranding<\/strong> o en general de cualquier tercero.<\/p><p>d) No realizar actividades publicitarias o de explotaci\u00f3n comercial a trav\u00e9s de la Web, y no utilizar los contenidos y la informaci\u00f3n del mismo para remitir publicidad, o enviar mensajes con cualquier otro fin comercial, ni para recoger o almacenar datos personales de terceros.<\/p><p>e) No utilizar identidades falsas, ni suplantar la identidad de otros en la utilizaci\u00f3n de la Web o de cualquiera de los servicios de la misma, incluyendo la utilizaci\u00f3n en su caso de contrase\u00f1as o claves de acceso de terceros o de cualquier otra forma.<\/p><p>f) No destruir, alterar, utilizar para su uso propio, inutilizar o da\u00f1ar los datos, informaciones, programas o documentos electr\u00f3nicos de <strong>Vibranding<\/strong>, nuestros proveedores o terceros.<\/p><p>g) No introducir, almacenar o difundir mediante la Web cualquier contenido que infrinja derechos de propiedad intelectual, industrial o secretos empresariales de terceros, ni en general ning\u00fan contenido del cual no ostentara, de conformidad con la ley, el derecho a ponerlo a disposici\u00f3n de terceros.<\/p><h3>C\u00f3mo protegemos tus datos personales<\/h3><p><strong>1. \u00bfQui\u00e9n es el responsable del tratamiento de tus datos personales?<\/strong><br><strong>Vibrandign Design SL<\/strong> \u2013 CIF n\u00ba: B66805573 \u2013 Direcci\u00f3n postal: C\/ Pallars, n\u00famero 6, Planta Sexta, puertas 1 y 2 \u2013 08402 Granollers \u2013 Barcelona. Correo electr\u00f3nico: <a href=\"mailto:hola@vibranding.com\">hola@vibranding.com<\/a>. <\/p><p><strong>2. \u00bfCon qu\u00e9 fin continuaremos tratando tus datos personales?<\/strong><br>Tratamos los datos personales de los usuarios con la finalidad de atender su solicitud o consulta sobre nuestros dise\u00f1os y servicios, y el env\u00edo de comunicaciones informativas y comerciales (tambi\u00e9n por v\u00eda electr\u00f3nica).<\/p><p><strong>3. \u00bfCu\u00e1nto tiempo conservaremos tus datos personales?<\/strong><br>Los datos personales se conservaran durante el periodo de seis (6) a\u00f1os en conformidad con la normativa vigente y, si fuera necesario, durante diez (10) seg\u00fan la normativa de prevenci\u00f3n de blanqueo de capitales.<\/p><p><strong>4. \u00bfCu\u00e1l es la legitimaci\u00f3n sobre el tratamiento de tus datos personales?<\/strong><br>La base legal para el tratamiento de datos personales es el consentimiento que nos diste durante su recogida.<\/p><p><strong>5. \u00bfA qu\u00e9 destinatarios se comunicar\u00e1n tus datos personales?<\/strong><br>Tus datos personales no se comunicar\u00e1n a ninguna otra entidad, exceptuando los casos de obligaci\u00f3n legal.<\/p><p><strong>6. \u00bfCu\u00e1les son tus derechos en relaci\u00f3n a tus datos personales?<\/strong><br>Puedes acceder a tus datos personales, as\u00ed como solicitar la rectificaci\u00f3n de los datos inexactos, la cancelaci\u00f3n o supresi\u00f3n de los mismos cuando ya no sean necesarios para las finalidades con que fueron recogidos. Tambi\u00e9n podr\u00e1s solicitar la limitaci\u00f3n, portabilidad y oposici\u00f3n del tratamiento de tus datos personales en determinadas circunstancias y por motivos relacionados con tu situaci\u00f3n particular. <\/p><p>Podr\u00e1s revocar el consentimiento al env\u00edo de comunicaciones comerciales y ejercer los derechos referidos anteriormente mediante el env\u00edo de un correo electr\u00f3nico a <a href=\"mailto:hola@vibranding.com\">hola@vibranding.com<\/a>.<\/p><p>Si no obtienes una respuesta satisfactoria y deseas formular una reclamaci\u00f3n u obtener m\u00e1s informaci\u00f3n al respecto de cualquiera de estos derechos, puedes dirigirte a la Agencia Espa\u00f1ola de Protecci\u00f3n de datos (<a href=\"https:\/\/www.agpd.es\/\" target=\"_blank\" rel=\"noopener\">www.agpd.es<\/a>).<\/p><h3>Cookies<\/h3><p><strong>Vibranding<\/strong> solicita su permiso para recabar datos estad\u00edsticos an\u00f3nimos durante su navegaci\u00f3n en este sitio web, conforme al Real Decreto-Ley 13\/2012.<\/p><p><strong>\u00bfQu\u00e9 es una cookie?<\/strong><\/p><p>Una cookie es un peque\u00f1o fichero de letras y cifras que se descarga en su ordenador al acceder a determinados sitios web. Las cookies permiten a un sitio web reconocer el navegador de un usuario y no contienen ni recopilan informaci\u00f3n. Las cookies se usan en la publicidad basada en el comportamiento para identificar a usuarios que comparten un determinado inter\u00e9s, de modo que se les puedan ofrecer anuncios m\u00e1s relevantes.  <\/p><p>El Sitio Web www.vibranding.com utiliza dos tipos de cookies:<\/p><p>Cookies de primeras partes: son cookies estrictamente necesarias. Permiten la interactuaci\u00f3n del usuario por el sitio web utilizando todas sus funciones. <\/p><p>Cookies de rendimiento y an\u00e1lisis: son cookies utilizadas para el an\u00e1lisis, investigaci\u00f3n o estad\u00edsticas con el fin de mejorar la experiencia del sitio web. Mediante el uso d estas cookies se puede mostrar informaci\u00f3n m\u00e1s relevante a los visitantes. <\/p><p><strong>\u00bfC\u00f3mo desactivar las cookies?<\/strong><\/p><p>Todos los navegadores permiten hacer cambios que permiten desactivar la configuraci\u00f3n de las cookies. Estos ajustes se encuentran ubicados en las \u201copciones\u201d o \u201cpreferencias\u201d del men\u00fa de su navegador. <\/p><p>A continuaci\u00f3n podr\u00e1 encontrar los links de los navegadores m\u00e1s usados para deshabilitar las cookies siguiendo las instrucciones:<\/p><ul class=\"ulal\"><li>Internet Explorer \u2013 <a href=\"http:\/\/windows.microsoft.com\/es-es\/windows-vista\/block-or-allow-cookies\" target=\"_blank\" rel=\"noopener\">http:\/\/windows.microsoft.com\/es-es\/windows-vista\/block-or-allow-cookies<\/a><\/li><li>Mozilla Firefox \u2013 <a href=\"http:\/\/mzl.la\/Lp1OMU\" target=\"_blank\" rel=\"noopener\">http:\/\/mzl.la\/Lp1OMU<\/a><\/li><li>Google Chrome \u2013 <a href=\"https:\/\/support.google.com\/chrome\/answer\/95647?hl=es\" target=\"_blank\" rel=\"noopener\">https:\/\/support.google.com\/chrome\/answer\/95647?hl=es<\/a><\/li><li>Safari \u2013 <a href=\"http:\/\/support.apple.com\/kb\/PH5042\" target=\"_blank\" rel=\"noopener\">http:\/\/support.apple.com\/kb\/PH5042<\/a><\/li><\/ul><p>Si desea no ser rastreado por las cookies, Google ha desarrollado un complemento para instalar en su navegador al que puede acceder en el siguiente enlace: <a href=\"https:\/\/tools.google.com\/dlpage\/gaoptout\" target=\"_blank\" rel=\"noopener\">https:\/\/tools.google.com\/dlpage\/gaoptout<\/a><\/p><p>Si su navegador no se encuentra en los enlaces citados por favor acuda a la ayuda para encontrar las instrucciones exactas para desactivar las cookies.<\/p><p>Una parte o la totalidad de las cookies identificadas a continuaci\u00f3n se pueden almacenar en su ordenador:<\/p><table class=\"wt-cli-element cookielawinfo-classic cookielawinfo-row-cat-table\"><thead><tr><th class=\"cookielawinfo-column-1\" scope=\"col\">Cookie<\/th><th class=\"cookielawinfo-column-4\" scope=\"col\">Descripci\u00f3n<\/th><\/tr><\/thead><tbody><tr class=\"cookielawinfo-row-cat-title\"><th class=\"cookielawinfo-row-cat-title-head\" colspan=\"2\">Necesarias<\/th><\/tr><tr class=\"cookielawinfo-row\"><td class=\"cookielawinfo-column-1\">cookielawinfo-checkbox-advertisement<\/td><td class=\"cookielawinfo-column-4\">La cookie se establece mediante el consentimiento de cookies de GDPR para registrar el consentimiento del usuario para las cookies en la categor\u00eda \u00abPublicidad\u00bb.<\/td><\/tr><tr class=\"cookielawinfo-row\"><td class=\"cookielawinfo-column-1\">ARRAffinity<\/td><td class=\"cookielawinfo-column-4\">Esta cookie la establecen los sitios web que se ejecutan en la plataforma en la nube de Windows Azure. La cookie se usa para afinar un cliente a una instancia de una aplicaci\u00f3n web de Azure.<\/td><\/tr><tr class=\"cookielawinfo-row\"><td class=\"cookielawinfo-column-1\">PHPSESSID<\/td><td class=\"cookielawinfo-column-4\">Esta cookie es nativa de las aplicaciones PHP. La cookie se utiliza para almacenar e identificar la identificaci\u00f3n de sesi\u00f3n \u00fanica de un usuario con el fin de administrar la sesi\u00f3n del usuario en el sitio web. La cookie es una cookie de sesi\u00f3n y se elimina cuando se cierran todas las ventanas del navegador.<\/td><\/tr><tr class=\"cookielawinfo-row\"><td class=\"cookielawinfo-column-1\">wp-wpml_current_language<\/td><td class=\"cookielawinfo-column-4\">Idioma de la web<\/td><\/tr><tr class=\"cookielawinfo-row\"><td class=\"cookielawinfo-column-1\">viewed_cookie_policy<\/td><td class=\"cookielawinfo-column-4\">La cookie est\u00e1 configurada por el complemento de consentimiento de cookies de GDPR y se utiliza para almacenar si el usuario ha dado su consentimiento o no para el uso de cookies. No almacena ning\u00fan dato personal.<\/td><\/tr><tr class=\"cookielawinfo-row\"><td class=\"cookielawinfo-column-1\">cookielawinfo-checkbox-necessary<\/td><td class=\"cookielawinfo-column-4\">Esta cookie est\u00e1 configurada por el complemento de consentimiento de cookies de GDPR. Las cookies se utilizan para almacenar el consentimiento del usuario para las cookies en la categor\u00eda \u00abNecesarias\u00bb.<\/td><\/tr><tr class=\"cookielawinfo-row\"><td class=\"cookielawinfo-column-1\">cookielawinfo-checbox-functional<\/td><td class=\"cookielawinfo-column-4\">La cookie est\u00e1 configurada por el consentimiento de cookies de GDPR para registrar el consentimiento del usuario para las cookies en la categor\u00eda \u00abFuncional\u00bb.<\/td><\/tr><tr class=\"cookielawinfo-row\"><td class=\"cookielawinfo-column-1\">cookielawinfo-checkbox-performance<\/td><td class=\"cookielawinfo-column-4\">Esta cookie est\u00e1 configurada por el complemento de consentimiento de cookies de GDPR. La cookie se utiliza para almacenar el consentimiento del usuario para las cookies en la categor\u00eda \u00abRendimiento\u00bb.<\/td><\/tr><tr class=\"cookielawinfo-row\"><td class=\"cookielawinfo-column-1\">cookielawinfo-checbox-analytics<\/td><td class=\"cookielawinfo-column-4\">Esta cookie est\u00e1 configurada por el complemento de consentimiento de cookies de GDPR. La cookie se utiliza para almacenar el consentimiento del usuario para las cookies en la categor\u00eda \u00abAn\u00e1lisis\u00bb.<\/td><\/tr><tr class=\"cookielawinfo-row-cat-title\"><th class=\"cookielawinfo-row-cat-title-head\" colspan=\"2\">Funcionales<\/th><\/tr><tr class=\"cookielawinfo-row\"><td class=\"cookielawinfo-column-1\">sp_t<\/td><td class=\"cookielawinfo-column-4\">Esta cookie la establece el proveedor Spotify. Esta cookie se utiliza para implementar contenido de audio de Spotify en el sitio web. Tambi\u00e9n ayuda a recopilar informaci\u00f3n sobre la interacci\u00f3n del usuario con este contenido de audio.<\/td><\/tr><tr class=\"cookielawinfo-row\"><td class=\"cookielawinfo-column-1\">sp_landing<\/td><td class=\"cookielawinfo-column-4\">Esta cookie la establece el proveedor Spotify. Esta cookie se utiliza para implementar contenido de audio de Spotify en el sitio web. Tambi\u00e9n ayuda a recopilar informaci\u00f3n sobre la interacci\u00f3n del usuario con este contenido de audio.<\/td><\/tr><tr class=\"cookielawinfo-row\"><td class=\"cookielawinfo-column-1\">player<\/td><td class=\"cookielawinfo-column-4\">Esta cookie es utilizada por Vimeo. Esta cookie se utiliza para guardar las preferencias del usuario al reproducir videos incrustados de Vimeo.<\/td><\/tr><tr class=\"cookielawinfo-row-cat-title\"><th class=\"cookielawinfo-row-cat-title-head\" colspan=\"2\">Anal\u00edtica<\/th><\/tr><tr class=\"cookielawinfo-row\"><td class=\"cookielawinfo-column-1\">_gcl_au<\/td><td class=\"cookielawinfo-column-4\">Google Analytics utiliza esta cookie para comprender la interacci\u00f3n del usuario con el sitio web.<\/td><\/tr><tr class=\"cookielawinfo-row\"><td class=\"cookielawinfo-column-1\">_ga<\/td><td class=\"cookielawinfo-column-4\">Esta cookie es instalada por Google Analytics. La cookie se utiliza para calcular los datos de visitantes, sesiones y campa\u00f1as y realizar un seguimiento del uso del sitio para el informe de an\u00e1lisis del sitio. Las cookies almacenan informaci\u00f3n de forma an\u00f3nima y asignan un n\u00famero generado aleatoriamente para identificar visitantes \u00fanicos.<\/td><\/tr><tr class=\"cookielawinfo-row\"><td class=\"cookielawinfo-column-1\">_gid<\/td><td class=\"cookielawinfo-column-4\">Esta cookie es instalada por Google Analytics. La cookie se utiliza para almacenar informaci\u00f3n sobre c\u00f3mo los visitantes usan un sitio web y ayuda a crear un informe anal\u00edtico de c\u00f3mo est\u00e1 funcionando el sitio web. Los datos recopilados, incluido el n\u00famero de visitantes, la fuente de donde provienen y las p\u00e1ginas visitadas de forma an\u00f3nima.<\/td><\/tr><tr class=\"cookielawinfo-row\"><td class=\"cookielawinfo-column-1\">vuid<\/td><td class=\"cookielawinfo-column-4\">Este dominio de esta cookie es propiedad de Vimeo. Vimeo utiliza esta cookie para recopilar informaci\u00f3n de seguimiento. Establece una identificaci\u00f3n \u00fanica para incrustar videos en el sitio web.<\/td><\/tr><tr class=\"cookielawinfo-row\"><td class=\"cookielawinfo-column-1\">_gat_UA-79013542-1<\/td><td class=\"cookielawinfo-column-4\">Google Analytics<\/td><\/tr><\/tbody><\/table><h3>Enlaces de webs de terceros<\/h3><p>En ning\u00fan caso la existencia de hiperenlaces en sitios web ajenos a nuestra Web implicar\u00e1 la existencia de relaciones comerciales o mercantiles con el titular de la p\u00e1gina web donde se establezca el hiperenlace, ni la aceptaci\u00f3n por parte de <strong>Vibranding<\/strong> de sus contenidos o servicios.<\/p><p>En cualquier caso, <strong>Vibranding<\/strong> no se responsabiliza del uso o el contenido de webs de terceros que puedan enlazar con la Web.<\/p><p>Legislaci\u00f3n aplicable y jurisdicci\u00f3n competente<\/p><p>Las condiciones de uso de la Web se someten a la legislaci\u00f3n espa\u00f1ola y las controversias surgidas de las mismas se resolver\u00e1n ante los Juzgados y Tribunales de la ciudad de Barcelona, Espa\u00f1a, los cuales tendr\u00e1n competencia exclusiva y excluyente frente a cualquier otro fuero. Ello ser\u00e1 sin perjuicio de la competencia de los Juzgados y Tribunales del domicilio del consumidor en el caso de que el Usuario tenga la condici\u00f3n de consumidor y usuario seg\u00fan lo previsto en la Ley 1\/2007, por la que se aprueba el texto refundido de la Ley General para la Defensa de los Consumidores y Usuarios, as\u00ed como otras leyes complementarias o la normativa vigente que la sustituya en cada momento. <\/p><h3>Redes sociales<\/h3><p>A trav\u00e9s de nuestra p\u00e1gina web puede acceder a la red social Linkedin, Domestika e Instagram de acceso abierto a todos los usuarios. Se trata de sitios web donde el usuario puede registrarse y seguirnos gratuitamente. En estas redes sociales los usuarios podr\u00e1n conocer de nuestras actividades, opiniones, acceder a las fotos y videos. Los usuarios de estas redes sociales deben ser conscientes de que este lugar es independiente de la web www.vibranding.com y est\u00e1 abierto, es decir, es visible para todos sus usuarios, y las pol\u00edticas de privacidad a aplicar a estos contenidos son las fijadas por Linkedin, Domestika e Instagram. <strong>Vibranding<\/strong> no es titular de las redes sociales.   <\/p>\t\t\t\t\t\t\t\t<\/div>\n\t\t\t\t<\/div>\n\t\t\t\t\t<\/div>\n\t\t\t\t<\/div>\n\t\t\t\t<\/div>\n\t\t","protected":false},"excerpt":{"rendered":"<p>Aviso legal Vibranding Design SL (en adelante, Vibranding) en cumplimiento de la Ley 34\/2002, de 11 de julio, de Servicios de la Sociedad de la Informaci\u00f3n y de Comercio Electr\u00f3nico, le informa que es el titular de la web www.vibranding.com. De acuerdo con el art\u00edculo 10 de la misma ley tambi\u00e9n se informa de los [&hellip;]<\/p>\n","protected":false},"author":1,"featured_media":0,"parent":0,"menu_order":100,"comment_status":"closed","ping_status":"closed","template":"","meta":{"footnotes":""},"class_list":["post-914","page","type-page","status-publish","hentry"],"_links":{"self":[{"href":"https:\/\/www.pouhaus.com\/es\/wp-json\/wp\/v2\/pages\/914","targetHints":{"allow":["GET"]}}],"collection":[{"href":"https:\/\/www.pouhaus.com\/es\/wp-json\/wp\/v2\/pages"}],"about":[{"href":"https:\/\/www.pouhaus.com\/es\/wp-json\/wp\/v2\/types\/page"}],"author":[{"embeddable":true,"href":"https:\/\/www.pouhaus.com\/es\/wp-json\/wp\/v2\/users\/1"}],"replies":[{"embeddable":true,"href":"https:\/\/www.pouhaus.com\/es\/wp-json\/wp\/v2\/comments?post=914"}],"version-history":[{"count":2,"href":"https:\/\/www.pouhaus.com\/es\/wp-json\/wp\/v2\/pages\/914\/revisions"}],"predecessor-version":[{"id":1033,"href":"https:\/\/www.pouhaus.com\/es\/wp-json\/wp\/v2\/pages\/914\/revisions\/1033"}],"wp:attachment":[{"href":"https:\/\/www.pouhaus.com\/es\/wp-json\/wp\/v2\/media?parent=914"}],"curies":[{"name":"wp","href":"https:\/\/api.w.org\/{rel}","templated":true}]}}